{"id":488,"date":"2022-08-22T13:30:36","date_gmt":"2022-08-22T16:30:36","guid":{"rendered":"https:\/\/marcassrl.com.ar\/web\/?page_id=488"},"modified":"2025-11-03T15:56:03","modified_gmt":"2025-11-03T18:56:03","slug":"alta-comercios","status":"publish","type":"page","link":"https:\/\/marcassrl.com.ar\/web\/alta-comercios\/","title":{"rendered":"Alta Comercios"},"content":{"rendered":"\n\n\t<section class=\"section\" id=\"section_1878148076\">\n\t\t<div class=\"section-bg fill\" >\n\t\t\t\t\t\t\t\t\t<div class=\"section-bg-overlay absolute fill\"><\/div>\n\t\t\t\n\n\t\t<\/div>\n\n\t\t\n\n\t\t<div class=\"section-content relative\">\n\t\t\t\n\n\n\t<section class=\"section home-hero dark\" id=\"section_723831048\">\n\t\t<div class=\"section-bg fill\" >\n\t\t\t\t\t\t\t\t\t\n\t\t\t\n\n\t\t<\/div>\n\n\t\t\n\n\t\t<div class=\"section-content relative\">\n\t\t\t\n\n<div class=\"row row-collapse row-full-width align-middle\"  id=\"row-1256643954\">\n\n\n\t<div id=\"col-233445900\" class=\"col medium-4 small-12 large-6\"  >\n\t\t\t\t<div class=\"col-inner\" style=\"background-color:rgb(0,0,0);\" >\n\t\t\t\n\t\t\t\n\n\n  <div class=\"banner has-hover\" id=\"banner-785201392\">\n          <div class=\"banner-inner fill\">\n        <div class=\"banner-bg fill\" >\n            <img loading=\"lazy\" decoding=\"async\" width=\"1000\" height=\"816\" src=\"https:\/\/marcassrl.com.ar\/web\/wp-content\/uploads\/2022\/10\/5-consejos-para-mejorar-la-atencion-al-cliente-en-tu-negocio.jpeg\" class=\"bg\" alt=\"\" srcset=\"https:\/\/marcassrl.com.ar\/web\/wp-content\/uploads\/2022\/10\/5-consejos-para-mejorar-la-atencion-al-cliente-en-tu-negocio.jpeg 1000w, https:\/\/marcassrl.com.ar\/web\/wp-content\/uploads\/2022\/10\/5-consejos-para-mejorar-la-atencion-al-cliente-en-tu-negocio-300x245.jpeg 300w, https:\/\/marcassrl.com.ar\/web\/wp-content\/uploads\/2022\/10\/5-consejos-para-mejorar-la-atencion-al-cliente-en-tu-negocio-768x627.jpeg 768w\" sizes=\"auto, (max-width: 1000px) 100vw, 1000px\" \/>                                    \n                    <\/div>\n\t\t\n        <div class=\"banner-layers container\">\n            <div class=\"fill banner-link\"><\/div>            \n\n\n        <\/div>\n      <\/div>\n\n            \n<style>\n#banner-785201392 {\n  padding-top: 300px;\n  background-color: rgb(0,0,0);\n}\n@media (min-width:550px) {\n  #banner-785201392 {\n    padding-top: 500px;\n  }\n}\n<\/style>\n  <\/div>\n\n\n\n\t\t<\/div>\n\t\t\t\t\t<\/div>\n\n\t\n\n\t<div id=\"col-1226722544\" class=\"col medium-8 small-12 large-6\"  >\n\t\t\t\t<div class=\"col-inner\"  >\n\t\t\t\n\t\t\t\n\n<div class=\"row align-center\"  id=\"row-7975745\">\n\n\n\t<div id=\"col-549863617\" class=\"col medium-9 small-10 large-9\"  >\n\t\t\t\t<div class=\"col-inner\"  >\n\t\t\t\n\t\t\t\n\n<h2 style=\"font-size: 200%;\">Por que elegir Marcas Mayorista?<\/h2>\n<div class=\"is-divider divider clearfix\" style=\"margin-top:20px;margin-bottom:20px;max-width:100%;height:2px;background-color:rgb(224, 220, 178);\"><\/div>\n\n\n\t\t<div class=\"icon-box featured-box icon-box-left text-left is-small\"  style=\"margin:0px 0px 30px 0px;\">\n\t\t\t\t\t<div class=\"icon-box-img\" style=\"width: 40px\">\n\t\t\t\t<div class=\"icon\">\n\t\t\t\t\t<div class=\"icon-inner\" >\n\t\t\t\t\t\t<img loading=\"lazy\" decoding=\"async\" width=\"128\" height=\"128\" src=\"https:\/\/marcassrl.com.ar\/web\/wp-content\/uploads\/2023\/04\/trolley.png\" class=\"attachment-medium size-medium\" alt=\"\" \/>\t\t\t\t\t<\/div>\n\t\t\t\t<\/div>\n\t\t\t<\/div>\n\t\t\t\t<div class=\"icon-box-text last-reset\">\n\t\t\t\t\t\t\t\t\t\n\n<h3>El mayor surtido<\/h3>\n<p>Contamos con el mejor surtido en limpieza, cosm\u00e9tica, perfumerpia y capilares de con m\u00e1s de 12 mil art\u00edculos!<\/p>\n\n\t\t<\/div>\n\t<\/div>\n\t\n\t\n\n\t\t<div class=\"icon-box featured-box icon-box-left text-left is-small\"  style=\"margin:0px 0px 30px 0px;\">\n\t\t\t\t\t<div class=\"icon-box-img\" style=\"width: 40px\">\n\t\t\t\t<div class=\"icon\">\n\t\t\t\t\t<div class=\"icon-inner\" >\n\t\t\t\t\t\t<img loading=\"lazy\" decoding=\"async\" width=\"128\" height=\"128\" src=\"https:\/\/marcassrl.com.ar\/web\/wp-content\/uploads\/2023\/04\/delivery.png\" class=\"attachment-medium size-medium\" alt=\"\" \/>\t\t\t\t\t<\/div>\n\t\t\t\t<\/div>\n\t\t\t<\/div>\n\t\t\t\t<div class=\"icon-box-text last-reset\">\n\t\t\t\t\t\t\t\t\t\n\n<h3>Env\u00edos a tu comercio<\/h3>\n<p>Compr\u00e1 sin moverte de tu comercio. Env\u00edos a toda la toda la ciudad de c\u00f3rdoba, Interior de c\u00f3rdoba e interior del pa\u00eds!<\/p>\n\n\t\t<\/div>\n\t<\/div>\n\t\n\t\n\n\t\t<div class=\"icon-box featured-box icon-box-left text-left is-small\"  style=\"margin:0px 0px 30px 0px;\">\n\t\t\t\t\t<div class=\"icon-box-img\" style=\"width: 40px\">\n\t\t\t\t<div class=\"icon\">\n\t\t\t\t\t<div class=\"icon-inner\" >\n\t\t\t\t\t\t<img loading=\"lazy\" decoding=\"async\" width=\"128\" height=\"128\" src=\"https:\/\/marcassrl.com.ar\/web\/wp-content\/uploads\/2023\/04\/give-money.png\" class=\"attachment-medium size-medium\" alt=\"\" \/>\t\t\t\t\t<\/div>\n\t\t\t\t<\/div>\n\t\t\t<\/div>\n\t\t\t\t<div class=\"icon-box-text last-reset\">\n\t\t\t\t\t\t\t\t\t\n\n<h3>Ahorro seguro<\/h3>\n<p>Ahorra tiempo y dinero gracias a todos los beneficios y servicios que te brindamos. Nuestro equipo de ejecutivos estar\u00e1n all\u00ed para asesorarte en todo momento!<\/p>\n\n\t\t<\/div>\n\t<\/div>\n\t\n\t\n<a href=\"https:\/\/pedidomarcas.com.ar\/index.php?route=account\/register\" class=\"button white is-outline lowercase expand\"  style=\"border-radius:10px;\">\n\t\t<span>Quiero ser cliente!<\/span>\n\t<\/a>\n\n\n\n\t\t<\/div>\n\t\t\t\t\n<style>\n#col-549863617 > .col-inner {\n  padding: 25px 0px 0px 0px;\n}\n<\/style>\n\t<\/div>\n\n\t\n\n\n<style>\n#row-7975745 > .col > .col-inner {\n  padding: 40px 0px 20px 0px;\n}\n@media (min-width:550px) {\n  #row-7975745 > .col > .col-inner {\n    padding: 15px 0px 0px 0px;\n  }\n}\n<\/style>\n<\/div>\n\n\t\t<\/div>\n\t\t\t\t\t<\/div>\n\n\t\n\n<\/div>\n\n\t\t<\/div>\n\n\t\t\n<style>\n#section_723831048 {\n  padding-top: 0px;\n  padding-bottom: 0px;\n  background-color: rgb(0, 3, 104);\n}\n<\/style>\n\t<\/section>\n\t\n\n\n\t\t<\/div>\n\n\t\t\n<style>\n#section_1878148076 {\n  padding-top: 30px;\n  padding-bottom: 30px;\n  background-color: rgb(0, 3, 105);\n}\n#section_1878148076 .section-bg-overlay {\n  background-color: rgba(0,0,0,.5);\n}\n<\/style>\n\t<\/section>\n\t\n\n\t<section class=\"section\" id=\"section_56139583\">\n\t\t<div class=\"section-bg fill\" >\n\t\t\t\t\t\t\t\t\t\n\t\t\t\n\n\t\t<\/div>\n\n\t\t\n\n\t\t<div class=\"section-content relative\">\n\t\t\t\n\n\n\n\n\t<section class=\"section home-hero\" id=\"section_578187527\">\n\t\t<div class=\"section-bg fill\" >\n\t\t\t\t\t\t\t\t\t\n\t\t\t\n\n\t\t<\/div>\n\n\t\t\n\n\t\t<div class=\"section-content relative\">\n\t\t\t\n\n<div class=\"row align-equal align-center\"  id=\"row-1145748360\">\n\n\n\t<div id=\"col-962290860\" class=\"col small-12 large-12\"  >\n\t\t\t\t<div class=\"col-inner text-center\"  >\n\t\t\t\n\t\t\t\n\n\t<div class=\"img has-hover x md-x lg-x y md-y lg-y\" id=\"image_1534506894\">\n\t\t\t\t\t\t\t\t<div class=\"img-inner dark\" >\n\t\t\t<img loading=\"lazy\" decoding=\"async\" width=\"1020\" height=\"383\" src=\"https:\/\/marcassrl.com.ar\/web\/wp-content\/uploads\/2022\/09\/BANNER-PEDIDO-DIGITAL-PAG-1024x385.png\" class=\"attachment-large size-large\" alt=\"\" srcset=\"https:\/\/marcassrl.com.ar\/web\/wp-content\/uploads\/2022\/09\/BANNER-PEDIDO-DIGITAL-PAG-1024x385.png 1024w, https:\/\/marcassrl.com.ar\/web\/wp-content\/uploads\/2022\/09\/BANNER-PEDIDO-DIGITAL-PAG-300x113.png 300w, https:\/\/marcassrl.com.ar\/web\/wp-content\/uploads\/2022\/09\/BANNER-PEDIDO-DIGITAL-PAG-768x289.png 768w, https:\/\/marcassrl.com.ar\/web\/wp-content\/uploads\/2022\/09\/BANNER-PEDIDO-DIGITAL-PAG-1536x578.png 1536w, https:\/\/marcassrl.com.ar\/web\/wp-content\/uploads\/2022\/09\/BANNER-PEDIDO-DIGITAL-PAG.png 1565w\" sizes=\"auto, (max-width: 1020px) 100vw, 1020px\" \/>\t\t\t\t\t\t\n\t\t\t\t\t<\/div>\n\t\t\t\t\t\t\t\t\n<style>\n#image_1534506894 {\n  width: 100%;\n}\n<\/style>\n\t<\/div>\n\t\n\n<h1 style=\"text-align: center;\"><span style=\"font-size: 120%;\">SISTEMA DE PEDIDO DIGITAL PARA CLIENTES MAYORISTAS!<\/span><\/h1>\n<div class=\"accordion\">\n\n\t<div id=\"accordion-1505040417\" class=\"accordion-item\">\n\t\t<a id=\"accordion-1505040417-label\" class=\"accordion-title plain\" href=\"#accordion-item-\u00bfqu\u00e9-es-el-pedido-digital?\" aria-expanded=\"false\" aria-controls=\"accordion-1505040417-content\" >\n\t\t\t<button class=\"toggle\" aria-label=\"Toggle\"><i class=\"icon-angle-down\"><\/i><\/button>\n\t\t\t<span>\u00bfQu\u00e9 es el Pedido Digital?<\/span>\n\t\t<\/a>\n\t\t<div id=\"accordion-1505040417-content\" class=\"accordion-inner\" aria-labelledby=\"accordion-1505040417-label\" >\n\t\t\t\n\n\t<div id=\"text-3498071869\" class=\"text\">\n\t\t\n\n<div class=\"flex-1 overflow-hidden\">\n<div class=\"react-scroll-to-bottom--css-tdztb-79elbk h-full dark:bg-gray-800\">\n<div class=\"react-scroll-to-bottom--css-tdztb-1n7m0yu\">\n<div class=\"flex flex-col items-center text-sm dark:bg-gray-800\">\n<div class=\"group w-full text-gray-800 dark:text-gray-100 border-b border-black\/10 dark:border-gray-900\/50 bg-gray-50 dark:bg-&#091;#444654&#093;\">\n<div class=\"text-base gap-4 md:gap-6 md:max-w-2xl lg:max-w-xl xl:max-w-3xl p-4 md:py-6 flex lg:px-0 m-auto\">\n<div class=\"relative flex w-&#091;calc(100%-50px)&#093; flex-col gap-1 md:gap-3 lg:w-&#091;calc(100%-115px)&#093;\">\n<div class=\"flex flex-grow flex-col gap-3\">\n<div class=\"min-h-&#091;20px&#093; flex flex-col items-start gap-4 whitespace-pre-wrap break-words\">\n<div class=\"markdown prose w-full break-words dark:prose-invert dark\">\n<p><span style=\"color: #333399;\">En MARCAS MAYORISTA, nuestro objetivo es brindar a nuestros clientes la mejor experiencia de compra posible. Por eso, hemos desarrollado el sistema de Pedido Digital, una herramienta valiosa disponible para todos nuestros clientes.<\/span><\/p>\n<p><span style=\"color: #333399;\">Con esta plataforma, podr\u00e1s realizar tus pedidos <strong>en l\u00ednea en cualquier momento y desde cualquier lugar<\/strong>, sin tener que preocuparte por horarios de atenci\u00f3n. Adem\u00e1s, tendr\u00e1s acceso a una amplia selecci\u00f3n de productos de alta calidad, con im\u00e1genes y precios actualizados las 24 horas del d\u00eda.<\/span><\/p>\n<p><span style=\"color: #333399;\">El sistema de Pedido Digital es muy f\u00e1cil de usar. Simplemente crea tu cuenta en nuestra p\u00e1gina web y un ejecutivo se comunicar\u00e1 contigo para habilitar tu cuenta como comercio. Una vez que est\u00e9 habilitada, podr\u00e1s ver los precios por mayor y comenzar a cargar tus pedidos. Si necesitas ayuda en cualquier momento, nuestro equipo de atenci\u00f3n al cliente est\u00e1 disponible para responder a tus preguntas y resolver cualquier problema que puedas tener.<\/span><\/p>\n<p><span style=\"color: #333399;\">Otra ventaja del sistema de Pedido Digital es que te permite mantener un registro detallado de tus pedidos anteriores, lo que hace que sea m\u00e1s f\u00e1cil hacer un seguimiento y realizar ajustes en el futuro.<\/span><\/p>\n<p><span style=\"color: #333399;\">En resumen, el sistema de Pedido Digital es una herramienta valiosa que ofrece comodidad, eficiencia y facilidad de uso para nuestros clientes.<\/span><\/p>\n<\/div>\n<\/div>\n<\/div>\n<\/div>\n<\/div>\n<\/div>\n<\/div>\n<\/div>\n<\/div>\n<\/div>\n\t\t\n<style>\n#text-3498071869 {\n  text-align: left;\n}\n<\/style>\n\t<\/div>\n\t\n\n\t\t<\/div>\n\t<\/div>\n\t\n\t<div id=\"accordion-1958460737\" class=\"accordion-item\">\n\t\t<a id=\"accordion-1958460737-label\" class=\"accordion-title plain\" href=\"#accordion-item-\u00bfc\u00f3mo-funciona?\" aria-expanded=\"false\" aria-controls=\"accordion-1958460737-content\" >\n\t\t\t<button class=\"toggle\" aria-label=\"Toggle\"><i class=\"icon-angle-down\"><\/i><\/button>\n\t\t\t<span>\u00bfC\u00f3mo funciona?<\/span>\n\t\t<\/a>\n\t\t<div id=\"accordion-1958460737-content\" class=\"accordion-inner\" aria-labelledby=\"accordion-1958460737-label\" >\n\t\t\t\n\n<p style=\"text-align: justify;\"><span style=\"font-size: 105%;\">El proceso es muy sencillo. Lo primero que debes hacer es <strong>crear una cuenta<\/strong> haciendo <a href=\"https:\/\/marcassrl.com.ar\/oc\/index.php?route=account\/register\">clic aqu\u00ed<\/a>. Una vez creada, uno de nuestros ejecutivos se comunicar\u00e1 contigo para <strong>habilitar tu cuenta como comercio<\/strong> y que puedas ver nuestros precios por mayor y comenzar a cargar tus pedidos.<\/span><\/p>\n<p style=\"text-align: justify;\"><span style=\"font-size: 105%;\">Una vez que hayas terminado de cargar tu pedido, solo debes hacer clic en el bot\u00f3n \"Enviar Pedido\" y tu ejecutivo asignado se pondr\u00e1 en contacto contigo para ultimar los detalles.<\/span><\/p>\n<p style=\"text-align: justify;\"><span style=\"font-size: 105%;\">Es importante tener en cuenta que el stock puede variar desde el momento en que se cierra el pedido hasta el momento de la facturaci\u00f3n. El sistema de Pedido Digital <strong>no realiza facturaci\u00f3n ni reserva de productos<\/strong>.<\/span><\/p>\n<p style=\"text-align: justify;\"><span style=\"font-size: 105%;\"><em><strong>Te dejamos un Tutorial de c\u00f3mo utilizar el Pedido digital una vez est\u00e9s dado de alta como Cliente Mayorista!<\/strong><\/em><\/span><\/p>\n<div class=\"video video-fit mb\" style=\"padding-top:56.25%;\"><iframe loading=\"lazy\" title=\"PEDIDO DIGITAL MARCAS MAYORISTA!\" width=\"1020\" height=\"574\" src=\"https:\/\/www.youtube.com\/embed\/KqyASiz7kaM?feature=oembed\" frameborder=\"0\" allow=\"accelerometer; autoplay; clipboard-write; encrypted-media; gyroscope; picture-in-picture; web-share\" allowfullscreen><\/iframe><\/div>\n\n\n\t\t<\/div>\n\t<\/div>\n\t\n\t<div id=\"accordion-2906583089\" class=\"accordion-item\">\n\t\t<a id=\"accordion-2906583089-label\" class=\"accordion-title plain\" href=\"#accordion-item-\u00bfcu\u00e1les-son-los-plazos-y-formas-de-env\u00edo?\" aria-expanded=\"false\" aria-controls=\"accordion-2906583089-content\" >\n\t\t\t<button class=\"toggle\" aria-label=\"Toggle\"><i class=\"icon-angle-down\"><\/i><\/button>\n\t\t\t<span>\u00bfCu\u00e1les son los plazos y formas de env\u00edo?<\/span>\n\t\t<\/a>\n\t\t<div id=\"accordion-2906583089-content\" class=\"accordion-inner\" aria-labelledby=\"accordion-2906583089-label\" >\n\t\t\t\n\n<p style=\"text-align: justify;\"><span style=\"font-size: 105%;\">El tiempo de env\u00edo de tu pedido es de hasta 72hs h\u00e1biles desde el momento que realizaste el cierre junto al ejecutivo dependiendo de la zona donde vivas. Consult\u00e1 con tu ejecutivo de ventas.<\/span><\/p>\n\n\t\t<\/div>\n\t<\/div>\n\t\n\n<\/div>\n\n\t\t<\/div>\n\t\t\t\t\t<\/div>\n\n\t\n\n<\/div>\n\n\t\t<\/div>\n\n\t\t\n<style>\n#section_578187527 {\n  padding-top: 0px;\n  padding-bottom: 0px;\n  background-color: rgb(255, 255, 255);\n}\n<\/style>\n\t<\/section>\n\t\n\n\n\t\t<\/div>\n\n\t\t\n<style>\n#section_56139583 {\n  padding-top: 30px;\n  padding-bottom: 30px;\n}\n<\/style>\n\t<\/section>\n\t\n\n","protected":false},"excerpt":{"rendered":"","protected":false},"author":2,"featured_media":0,"parent":0,"menu_order":0,"comment_status":"closed","ping_status":"closed","template":"","meta":{"footnotes":""},"class_list":["post-488","page","type-page","status-publish","hentry"],"yoast_head":"<!-- This site is optimized with the Yoast SEO plugin v27.4 - https:\/\/yoast.com\/product\/yoast-seo-wordpress\/ -->\n<title>Alta Comercios | Marcas Mayorista<\/title>\n<meta name=\"description\" content=\"Distribuidor mayorista de perfumer\u00eda - Encontr\u00e1 las mejores ofertas en Perfumer\u00eda - Limpieza y Capilares! Marcas Mayorista\" \/>\n<meta name=\"robots\" content=\"index, follow, max-snippet:-1, max-image-preview:large, max-video-preview:-1\" \/>\n<link rel=\"canonical\" href=\"https:\/\/marcassrl.com.ar\/web\/alta-comercios\/\" \/>\n<meta property=\"og:locale\" content=\"es_ES\" \/>\n<meta property=\"og:type\" content=\"article\" \/>\n<meta property=\"og:title\" content=\"Alta Comercios | Marcas Mayorista\" \/>\n<meta property=\"og:description\" content=\"Distribuidor mayorista de perfumer\u00eda - Encontr\u00e1 las mejores ofertas en Perfumer\u00eda - Limpieza y Capilares! Marcas Mayorista\" \/>\n<meta property=\"og:url\" content=\"https:\/\/marcassrl.com.ar\/web\/alta-comercios\/\" \/>\n<meta property=\"og:site_name\" content=\"Marcas Mayorista\" \/>\n<meta property=\"article:publisher\" content=\"https:\/\/www.facebook.com\/marcasmayorista\" \/>\n<meta property=\"article:modified_time\" content=\"2025-11-03T18:56:03+00:00\" \/>\n<meta name=\"twitter:card\" content=\"summary_large_image\" \/>\n<script type=\"application\/ld+json\" class=\"yoast-schema-graph\">{\"@context\":\"https:\\\/\\\/schema.org\",\"@graph\":[{\"@type\":\"WebPage\",\"@id\":\"https:\\\/\\\/marcassrl.com.ar\\\/web\\\/alta-comercios\\\/\",\"url\":\"https:\\\/\\\/marcassrl.com.ar\\\/web\\\/alta-comercios\\\/\",\"name\":\"Alta Comercios | Marcas Mayorista\",\"isPartOf\":{\"@id\":\"https:\\\/\\\/marcassrl.com.ar\\\/web\\\/#website\"},\"datePublished\":\"2022-08-22T16:30:36+00:00\",\"dateModified\":\"2025-11-03T18:56:03+00:00\",\"description\":\"Distribuidor mayorista de perfumer\u00eda - Encontr\u00e1 las mejores ofertas en Perfumer\u00eda - Limpieza y Capilares! Marcas Mayorista\",\"breadcrumb\":{\"@id\":\"https:\\\/\\\/marcassrl.com.ar\\\/web\\\/alta-comercios\\\/#breadcrumb\"},\"inLanguage\":\"es-AR\",\"potentialAction\":[{\"@type\":\"ReadAction\",\"target\":[\"https:\\\/\\\/marcassrl.com.ar\\\/web\\\/alta-comercios\\\/\"]}]},{\"@type\":\"BreadcrumbList\",\"@id\":\"https:\\\/\\\/marcassrl.com.ar\\\/web\\\/alta-comercios\\\/#breadcrumb\",\"itemListElement\":[{\"@type\":\"ListItem\",\"position\":1,\"name\":\"Home\",\"item\":\"https:\\\/\\\/marcassrl.com.ar\\\/web\\\/\"},{\"@type\":\"ListItem\",\"position\":2,\"name\":\"Alta Comercios\"}]},{\"@type\":\"WebSite\",\"@id\":\"https:\\\/\\\/marcassrl.com.ar\\\/web\\\/#website\",\"url\":\"https:\\\/\\\/marcassrl.com.ar\\\/web\\\/\",\"name\":\"Marcas Mayorista\",\"description\":\"Mayorista de Cosm\u00e9tica - Capilares - Limpieza\",\"publisher\":{\"@id\":\"https:\\\/\\\/marcassrl.com.ar\\\/web\\\/#organization\"},\"potentialAction\":[{\"@type\":\"SearchAction\",\"target\":{\"@type\":\"EntryPoint\",\"urlTemplate\":\"https:\\\/\\\/marcassrl.com.ar\\\/web\\\/?s={search_term_string}\"},\"query-input\":{\"@type\":\"PropertyValueSpecification\",\"valueRequired\":true,\"valueName\":\"search_term_string\"}}],\"inLanguage\":\"es-AR\"},{\"@type\":\"Organization\",\"@id\":\"https:\\\/\\\/marcassrl.com.ar\\\/web\\\/#organization\",\"name\":\"Marcas Mayorista\",\"url\":\"https:\\\/\\\/marcassrl.com.ar\\\/web\\\/\",\"logo\":{\"@type\":\"ImageObject\",\"inLanguage\":\"es-AR\",\"@id\":\"https:\\\/\\\/marcassrl.com.ar\\\/web\\\/#\\\/schema\\\/logo\\\/image\\\/\",\"url\":\"https:\\\/\\\/marcassrl.com.ar\\\/web\\\/wp-content\\\/uploads\\\/2022\\\/08\\\/logo_marcas_mayorista-1.png\",\"contentUrl\":\"https:\\\/\\\/marcassrl.com.ar\\\/web\\\/wp-content\\\/uploads\\\/2022\\\/08\\\/logo_marcas_mayorista-1.png\",\"width\":824,\"height\":136,\"caption\":\"Marcas Mayorista\"},\"image\":{\"@id\":\"https:\\\/\\\/marcassrl.com.ar\\\/web\\\/#\\\/schema\\\/logo\\\/image\\\/\"},\"sameAs\":[\"https:\\\/\\\/www.facebook.com\\\/marcasmayorista\",\"https:\\\/\\\/www.instagram.com\\\/marcasmayorista\\\/\"]}]}<\/script>\n<!-- \/ Yoast SEO plugin. -->","yoast_head_json":{"title":"Alta Comercios | Marcas Mayorista","description":"Distribuidor mayorista de perfumer\u00eda - Encontr\u00e1 las mejores ofertas en Perfumer\u00eda - Limpieza y Capilares! Marcas Mayorista","robots":{"index":"index","follow":"follow","max-snippet":"max-snippet:-1","max-image-preview":"max-image-preview:large","max-video-preview":"max-video-preview:-1"},"canonical":"https:\/\/marcassrl.com.ar\/web\/alta-comercios\/","og_locale":"es_ES","og_type":"article","og_title":"Alta Comercios | Marcas Mayorista","og_description":"Distribuidor mayorista de perfumer\u00eda - Encontr\u00e1 las mejores ofertas en Perfumer\u00eda - Limpieza y Capilares! Marcas Mayorista","og_url":"https:\/\/marcassrl.com.ar\/web\/alta-comercios\/","og_site_name":"Marcas Mayorista","article_publisher":"https:\/\/www.facebook.com\/marcasmayorista","article_modified_time":"2025-11-03T18:56:03+00:00","twitter_card":"summary_large_image","schema":{"@context":"https:\/\/schema.org","@graph":[{"@type":"WebPage","@id":"https:\/\/marcassrl.com.ar\/web\/alta-comercios\/","url":"https:\/\/marcassrl.com.ar\/web\/alta-comercios\/","name":"Alta Comercios | Marcas Mayorista","isPartOf":{"@id":"https:\/\/marcassrl.com.ar\/web\/#website"},"datePublished":"2022-08-22T16:30:36+00:00","dateModified":"2025-11-03T18:56:03+00:00","description":"Distribuidor mayorista de perfumer\u00eda - Encontr\u00e1 las mejores ofertas en Perfumer\u00eda - Limpieza y Capilares! Marcas Mayorista","breadcrumb":{"@id":"https:\/\/marcassrl.com.ar\/web\/alta-comercios\/#breadcrumb"},"inLanguage":"es-AR","potentialAction":[{"@type":"ReadAction","target":["https:\/\/marcassrl.com.ar\/web\/alta-comercios\/"]}]},{"@type":"BreadcrumbList","@id":"https:\/\/marcassrl.com.ar\/web\/alta-comercios\/#breadcrumb","itemListElement":[{"@type":"ListItem","position":1,"name":"Home","item":"https:\/\/marcassrl.com.ar\/web\/"},{"@type":"ListItem","position":2,"name":"Alta Comercios"}]},{"@type":"WebSite","@id":"https:\/\/marcassrl.com.ar\/web\/#website","url":"https:\/\/marcassrl.com.ar\/web\/","name":"Marcas Mayorista","description":"Mayorista de Cosm\u00e9tica - Capilares - Limpieza","publisher":{"@id":"https:\/\/marcassrl.com.ar\/web\/#organization"},"potentialAction":[{"@type":"SearchAction","target":{"@type":"EntryPoint","urlTemplate":"https:\/\/marcassrl.com.ar\/web\/?s={search_term_string}"},"query-input":{"@type":"PropertyValueSpecification","valueRequired":true,"valueName":"search_term_string"}}],"inLanguage":"es-AR"},{"@type":"Organization","@id":"https:\/\/marcassrl.com.ar\/web\/#organization","name":"Marcas Mayorista","url":"https:\/\/marcassrl.com.ar\/web\/","logo":{"@type":"ImageObject","inLanguage":"es-AR","@id":"https:\/\/marcassrl.com.ar\/web\/#\/schema\/logo\/image\/","url":"https:\/\/marcassrl.com.ar\/web\/wp-content\/uploads\/2022\/08\/logo_marcas_mayorista-1.png","contentUrl":"https:\/\/marcassrl.com.ar\/web\/wp-content\/uploads\/2022\/08\/logo_marcas_mayorista-1.png","width":824,"height":136,"caption":"Marcas Mayorista"},"image":{"@id":"https:\/\/marcassrl.com.ar\/web\/#\/schema\/logo\/image\/"},"sameAs":["https:\/\/www.facebook.com\/marcasmayorista","https:\/\/www.instagram.com\/marcasmayorista\/"]}]}},"_links":{"self":[{"href":"https:\/\/marcassrl.com.ar\/web\/wp-json\/wp\/v2\/pages\/488","targetHints":{"allow":["GET"]}}],"collection":[{"href":"https:\/\/marcassrl.com.ar\/web\/wp-json\/wp\/v2\/pages"}],"about":[{"href":"https:\/\/marcassrl.com.ar\/web\/wp-json\/wp\/v2\/types\/page"}],"author":[{"embeddable":true,"href":"https:\/\/marcassrl.com.ar\/web\/wp-json\/wp\/v2\/users\/2"}],"replies":[{"embeddable":true,"href":"https:\/\/marcassrl.com.ar\/web\/wp-json\/wp\/v2\/comments?post=488"}],"version-history":[{"count":31,"href":"https:\/\/marcassrl.com.ar\/web\/wp-json\/wp\/v2\/pages\/488\/revisions"}],"predecessor-version":[{"id":1221,"href":"https:\/\/marcassrl.com.ar\/web\/wp-json\/wp\/v2\/pages\/488\/revisions\/1221"}],"wp:attachment":[{"href":"https:\/\/marcassrl.com.ar\/web\/wp-json\/wp\/v2\/media?parent=488"}],"curies":[{"name":"wp","href":"https:\/\/api.w.org\/{rel}","templated":true}]}}