{"id":261,"date":"2022-06-11T10:12:48","date_gmt":"2022-06-11T13:12:48","guid":{"rendered":"https:\/\/marcassrl.com.ar\/web\/?page_id=261"},"modified":"2025-11-10T13:18:29","modified_gmt":"2025-11-10T16:18:29","slug":"ofertas-de-la-semana","status":"publish","type":"page","link":"https:\/\/marcassrl.com.ar\/web\/ofertas-de-la-semana\/","title":{"rendered":"OFERTAS DE LA SEMANA"},"content":{"rendered":"\n<div class=\"row\"  id=\"row-536730174\">\n\n\n\t<div id=\"col-1659319026\" class=\"col small-12 large-12\"  >\n\t\t\t\t<div class=\"col-inner\"  >\n\t\t\t\n\t\t\t\n\n\n  <div class=\"banner has-hover\" id=\"banner-21076345\">\n          <div class=\"banner-inner fill\">\n        <div class=\"banner-bg fill\" >\n            <img loading=\"lazy\" decoding=\"async\" width=\"2560\" height=\"1024\" src=\"https:\/\/marcassrl.com.ar\/web\/wp-content\/uploads\/2025\/11\/BANNER-WEB-MAYORISTA-ANIVERSARIO-1-scaled.jpg\" class=\"bg\" alt=\"\" srcset=\"https:\/\/marcassrl.com.ar\/web\/wp-content\/uploads\/2025\/11\/BANNER-WEB-MAYORISTA-ANIVERSARIO-1-scaled.jpg 2560w, https:\/\/marcassrl.com.ar\/web\/wp-content\/uploads\/2025\/11\/BANNER-WEB-MAYORISTA-ANIVERSARIO-1-300x120.jpg 300w, https:\/\/marcassrl.com.ar\/web\/wp-content\/uploads\/2025\/11\/BANNER-WEB-MAYORISTA-ANIVERSARIO-1-1024x410.jpg 1024w, https:\/\/marcassrl.com.ar\/web\/wp-content\/uploads\/2025\/11\/BANNER-WEB-MAYORISTA-ANIVERSARIO-1-768x307.jpg 768w, https:\/\/marcassrl.com.ar\/web\/wp-content\/uploads\/2025\/11\/BANNER-WEB-MAYORISTA-ANIVERSARIO-1-1536x614.jpg 1536w, https:\/\/marcassrl.com.ar\/web\/wp-content\/uploads\/2025\/11\/BANNER-WEB-MAYORISTA-ANIVERSARIO-1-2048x819.jpg 2048w\" sizes=\"auto, (max-width: 2560px) 100vw, 2560px\" \/>                                    \n                    <\/div>\n\t\t\n        <div class=\"banner-layers container\">\n            <div class=\"fill banner-link\"><\/div>            \n\n\n        <\/div>\n      <\/div>\n\n              <div class=\"height-fix is-invisible\"><img loading=\"lazy\" decoding=\"async\" width=\"2560\" height=\"1024\" src=\"https:\/\/marcassrl.com.ar\/web\/wp-content\/uploads\/2025\/11\/BANNER-WEB-MAYORISTA-ANIVERSARIO-1-scaled.jpg\" class=\"attachment-original size-original\" alt=\"\" srcset=\"https:\/\/marcassrl.com.ar\/web\/wp-content\/uploads\/2025\/11\/BANNER-WEB-MAYORISTA-ANIVERSARIO-1-scaled.jpg 2560w, https:\/\/marcassrl.com.ar\/web\/wp-content\/uploads\/2025\/11\/BANNER-WEB-MAYORISTA-ANIVERSARIO-1-300x120.jpg 300w, https:\/\/marcassrl.com.ar\/web\/wp-content\/uploads\/2025\/11\/BANNER-WEB-MAYORISTA-ANIVERSARIO-1-1024x410.jpg 1024w, https:\/\/marcassrl.com.ar\/web\/wp-content\/uploads\/2025\/11\/BANNER-WEB-MAYORISTA-ANIVERSARIO-1-768x307.jpg 768w, https:\/\/marcassrl.com.ar\/web\/wp-content\/uploads\/2025\/11\/BANNER-WEB-MAYORISTA-ANIVERSARIO-1-1536x614.jpg 1536w, https:\/\/marcassrl.com.ar\/web\/wp-content\/uploads\/2025\/11\/BANNER-WEB-MAYORISTA-ANIVERSARIO-1-2048x819.jpg 2048w\" sizes=\"auto, (max-width: 2560px) 100vw, 2560px\" \/><\/div>\n            \n<style>\n#banner-21076345 {\n  padding-top: 113px;\n}\n<\/style>\n  <\/div>\n\n\n\n\t\t<\/div>\n\t\t\t\t\t<\/div>\n\n\t\n\n<\/div>\n\n\t<section class=\"section\" id=\"section_2047384456\">\n\t\t<div class=\"section-bg fill\" >\n\t\t\t\t\t\t\t\t\t\n\t\t\t\n\t<div class=\"is-border\"\n\t\tstyle=\"border-width:0px 0px 0px 0px;\">\n\t<\/div>\n\n\t\t<\/div>\n\n\t\t\n\n\t\t<div class=\"section-content relative\">\n\t\t\t\n\n\n  <div class=\"banner has-hover\" id=\"banner-2029261569\">\n          <div class=\"banner-inner fill\">\n        <div class=\"banner-bg fill\" >\n                                                \n                    <\/div>\n\t\t\n        <div class=\"banner-layers container\">\n            <div class=\"fill banner-link\"><\/div>            \n\n   <div id=\"text-box-1257898830\" class=\"text-box banner-layer x50 md-x50 lg-x50 y50 md-y50 lg-y50 res-text\">\n                                <div class=\"text-box-content text dark\">\n              \n              <div class=\"text-inner text-center\">\n                  \n\n\t<div id=\"text-3115139165\" class=\"text\">\n\t\t\n\n<h2 style=\"text-align: center; font-size: 25px;\"><span style=\"font-size: 90%;\"><strong>OFERTAS DE LA SEMANA EN MARCAS MAYORISTA!<\/strong><\/span><\/h2>\n\t\t\n<style>\n#text-3115139165 {\n  font-size: 0.75rem;\n}\n@media (min-width:550px) {\n  #text-3115139165 {\n    font-size: 0.75rem;\n  }\n}\n<\/style>\n\t<\/div>\n\t\n\n              <\/div>\n           <\/div>\n                            \n<style>\n#text-box-1257898830 {\n  width: 92%;\n}\n#text-box-1257898830 .text-box-content {\n  font-size: 100%;\n}\n@media (min-width:550px) {\n  #text-box-1257898830 {\n    width: 60%;\n  }\n}\n<\/style>\n    <\/div>\n \n\n        <\/div>\n      <\/div>\n\n            \n<style>\n#banner-2029261569 {\n  padding-top: 121px;\n}\n@media (min-width:550px) {\n  #banner-2029261569 {\n    padding-top: 84px;\n  }\n}\n<\/style>\n  <\/div>\n\n\n\n\n<div class=\"_df_book df-lite\" id=\"df_74\"  _slug=\"ofertas-semanales\" data-title=\"ofertas-semanales\" wpoptions=\"true\" thumb=\"https:\/\/marcassrl.com.ar\/web\/wp-content\/uploads\/2022\/06\/Folder-mayorista-final-ok_compressed-2-1.pdf\" thumbtype=\"\" ><\/div><script class=\"df-shortcode-script\" type=\"application\/javascript\">window.option_df_74 = {\"outline\":[],\"backgroundColor\":\"#ffffff\",\"duration\":\"500\",\"autoEnableOutline\":\"false\",\"autoEnableThumbnail\":\"false\",\"overwritePDFOutline\":\"false\",\"enableDownload\":\"true\",\"direction\":\"1\",\"pageSize\":\"0\",\"pageMode\":\"0\",\"soundEnable\":\"false\",\"source\":\"https:\\\/\\\/marcassrl.com.ar\\\/web\\\/wp-content\\\/uploads\\\/2022\\\/06\\\/folder-mayorista-semana-santa-pdf_compressed-1.pdf\",\"wpOptions\":\"true\"}; if(window.DFLIP && window.DFLIP.parseBooks){window.DFLIP.parseBooks();}<\/script>\n\n\n\t\t<\/div>\n\n\t\t\n<style>\n#section_2047384456 {\n  padding-top: 10px;\n  padding-bottom: 10px;\n}\n@media (min-width:550px) {\n  #section_2047384456 {\n    padding-top: 30px;\n    padding-bottom: 30px;\n  }\n}\n<\/style>\n\t<\/section>\n\t\n\n\t<section class=\"section\" id=\"section_764032379\">\n\t\t<div class=\"section-bg fill\" >\n\t\t\t\t\t\t\t\t\t\n\t\t\t\n\n\t\t<\/div>\n\n\t\t\n\n\t\t<div class=\"section-content relative\">\n\t\t\t\n\n<div class=\"row row-collapse row-full-width align-middle\"  id=\"row-1905695830\">\n\n\n\t<div id=\"col-510799120\" class=\"col medium-12 small-12 large-4\"  >\n\t\t\t\t<div class=\"col-inner\"  >\n\t\t\t\n\t\t\t\n\n\n  <div class=\"banner has-hover\" id=\"banner-1295708672\">\n          <div class=\"banner-inner fill\">\n        <div class=\"banner-bg fill\" >\n            <img loading=\"lazy\" decoding=\"async\" width=\"1020\" height=\"1020\" src=\"https:\/\/marcassrl.com.ar\/web\/wp-content\/uploads\/2022\/06\/280743220_3061231170792729_5628913400731267659_n-1.jpg\" class=\"bg\" alt=\"\" \/>                                    \n                    <\/div>\n\t\t\n        <div class=\"banner-layers container\">\n            <div class=\"fill banner-link\"><\/div>            \n\n\n        <\/div>\n      <\/div>\n\n            \n<style>\n#banner-1295708672 {\n  padding-top: 99%;\n  background-color: rgb(255, 255, 255);\n}\n#banner-1295708672 .banner-bg img {\n  object-position: 33% 47%;\n}\n@media (min-width:550px) {\n  #banner-1295708672 {\n    padding-top: 302px;\n  }\n}\n<\/style>\n  <\/div>\n\n\n\n\t\t<\/div>\n\t\t\t\t\t<\/div>\n\n\t\n\n\t<div id=\"col-2063605906\" class=\"col medium-12 small-12 large-4\"  >\n\t\t\t\t<div class=\"col-inner text-center\"  >\n\t\t\t\n\t\t\t\n\n\t<div id=\"text-175676107\" class=\"text\">\n\t\t\n\n<h2>Hablamos?<\/h2>\n\t\t\n<style>\n#text-175676107 {\n  font-size: 1.3rem;\n}\n<\/style>\n\t<\/div>\n\t\n<p>Quiero contactarme con un Asesor!<\/p>\n<a href=\"https:\/\/api.whatsapp.com\/send?phone=%2B5493512067133&#038;text=Hola%2C+c%C3%B3mo+podemos+ayudarte%3F\" class=\"button primary is-small\"  >\n\t\t<span>Enviar WhatsApp!<\/span>\n\t<\/a>\n\n\n\n\t\t<\/div>\n\t\t\t\t\n<style>\n#col-2063605906 > .col-inner {\n  padding: 50px 40px 40px 40px;\n}\n@media (min-width:550px) {\n  #col-2063605906 > .col-inner {\n    padding: 70px 100px 50px 100px;\n  }\n}\n@media (min-width:850px) {\n  #col-2063605906 > .col-inner {\n    padding: 70px 70px 30px 70px;\n  }\n}\n<\/style>\n\t<\/div>\n\n\t\n\n\t<div id=\"col-1723173713\" class=\"col medium-12 small-12 large-4\"  >\n\t\t\t\t<div class=\"col-inner\"  >\n\t\t\t\n\t\t\t\n\n\n  <div class=\"banner has-hover\" id=\"banner-1856549451\">\n          <div class=\"banner-inner fill\">\n        <div class=\"banner-bg fill\" >\n            <img loading=\"lazy\" decoding=\"async\" width=\"1020\" height=\"1020\" src=\"https:\/\/marcassrl.com.ar\/web\/wp-content\/uploads\/2022\/06\/280846088_3061233200792526_7531637103889696061_n-1.png\" class=\"bg\" alt=\"\" \/>                                    \n                    <\/div>\n\t\t\n        <div class=\"banner-layers container\">\n            <div class=\"fill banner-link\"><\/div>            \n\n\n        <\/div>\n      <\/div>\n\n            \n<style>\n#banner-1856549451 {\n  padding-top: 99.99%;\n  background-color: rgb(255, 255, 255);\n}\n#banner-1856549451 .banner-bg img {\n  object-position: 16% 30%;\n}\n@media (min-width:550px) {\n  #banner-1856549451 {\n    padding-top: 302px;\n  }\n}\n<\/style>\n  <\/div>\n\n\n\n\t\t<\/div>\n\t\t\t\t\t<\/div>\n\n\t\n\n<\/div>\n\n\t\t<\/div>\n\n\t\t\n<style>\n#section_764032379 {\n  padding-top: 0px;\n  padding-bottom: 0px;\n}\n<\/style>\n\t<\/section>\n\t\n\n","protected":false},"excerpt":{"rendered":"","protected":false},"author":2,"featured_media":29,"parent":0,"menu_order":0,"comment_status":"closed","ping_status":"closed","template":"","meta":{"footnotes":""},"class_list":["post-261","page","type-page","status-publish","has-post-thumbnail","hentry"],"yoast_head":"<!-- This site is optimized with the Yoast SEO plugin v27.3 - https:\/\/yoast.com\/product\/yoast-seo-wordpress\/ -->\n<title>OFERTAS DE LA SEMANA | Marcas Mayorista<\/title>\n<meta name=\"description\" content=\"Cat\u00e1logo distribuidor mayorista de perfumer\u00eda - Encontr\u00e1 las mejores ofertas en Perfumer\u00eda - Limpieza y Capilares! Marcas Mayorista\" \/>\n<meta name=\"robots\" content=\"index, follow, max-snippet:-1, max-image-preview:large, max-video-preview:-1\" \/>\n<link rel=\"canonical\" href=\"https:\/\/marcassrl.com.ar\/web\/ofertas-de-la-semana\/\" \/>\n<meta property=\"og:locale\" content=\"es_ES\" \/>\n<meta property=\"og:type\" content=\"article\" \/>\n<meta property=\"og:title\" content=\"Ofertas Mayoristas a tu alcance!\" \/>\n<meta property=\"og:description\" content=\"Ofertas Mayoristas a tu alcance!\" \/>\n<meta property=\"og:url\" content=\"https:\/\/marcassrl.com.ar\/web\/ofertas-de-la-semana\/\" \/>\n<meta property=\"og:site_name\" content=\"Marcas Mayorista\" \/>\n<meta property=\"article:publisher\" content=\"https:\/\/www.facebook.com\/marcasmayorista\" \/>\n<meta property=\"article:modified_time\" content=\"2025-11-10T16:18:29+00:00\" \/>\n<meta property=\"og:image\" content=\"https:\/\/marcassrl.com.ar\/web\/wp-content\/uploads\/2022\/06\/280743220_3061231170792729_5628913400731267659_n-1.jpg\" \/>\n\t<meta property=\"og:image:width\" content=\"1080\" \/>\n\t<meta property=\"og:image:height\" content=\"1080\" \/>\n\t<meta property=\"og:image:type\" content=\"image\/jpeg\" \/>\n<meta name=\"twitter:card\" content=\"summary_large_image\" \/>\n<meta name=\"twitter:label1\" content=\"Tiempo de lectura\" \/>\n\t<meta name=\"twitter:data1\" content=\"1 minuto\" \/>\n<script type=\"application\/ld+json\" class=\"yoast-schema-graph\">{\"@context\":\"https:\\\/\\\/schema.org\",\"@graph\":[{\"@type\":\"WebPage\",\"@id\":\"https:\\\/\\\/marcassrl.com.ar\\\/web\\\/ofertas-de-la-semana\\\/\",\"url\":\"https:\\\/\\\/marcassrl.com.ar\\\/web\\\/ofertas-de-la-semana\\\/\",\"name\":\"OFERTAS DE LA SEMANA | Marcas Mayorista\",\"isPartOf\":{\"@id\":\"https:\\\/\\\/marcassrl.com.ar\\\/web\\\/#website\"},\"primaryImageOfPage\":{\"@id\":\"https:\\\/\\\/marcassrl.com.ar\\\/web\\\/ofertas-de-la-semana\\\/#primaryimage\"},\"image\":{\"@id\":\"https:\\\/\\\/marcassrl.com.ar\\\/web\\\/ofertas-de-la-semana\\\/#primaryimage\"},\"thumbnailUrl\":\"https:\\\/\\\/marcassrl.com.ar\\\/web\\\/wp-content\\\/uploads\\\/2022\\\/06\\\/280743220_3061231170792729_5628913400731267659_n-1.jpg\",\"datePublished\":\"2022-06-11T13:12:48+00:00\",\"dateModified\":\"2025-11-10T16:18:29+00:00\",\"description\":\"Cat\u00e1logo distribuidor mayorista de perfumer\u00eda - Encontr\u00e1 las mejores ofertas en Perfumer\u00eda - Limpieza y Capilares! Marcas Mayorista\",\"breadcrumb\":{\"@id\":\"https:\\\/\\\/marcassrl.com.ar\\\/web\\\/ofertas-de-la-semana\\\/#breadcrumb\"},\"inLanguage\":\"es-AR\",\"potentialAction\":[{\"@type\":\"ReadAction\",\"target\":[\"https:\\\/\\\/marcassrl.com.ar\\\/web\\\/ofertas-de-la-semana\\\/\"]}]},{\"@type\":\"ImageObject\",\"inLanguage\":\"es-AR\",\"@id\":\"https:\\\/\\\/marcassrl.com.ar\\\/web\\\/ofertas-de-la-semana\\\/#primaryimage\",\"url\":\"https:\\\/\\\/marcassrl.com.ar\\\/web\\\/wp-content\\\/uploads\\\/2022\\\/06\\\/280743220_3061231170792729_5628913400731267659_n-1.jpg\",\"contentUrl\":\"https:\\\/\\\/marcassrl.com.ar\\\/web\\\/wp-content\\\/uploads\\\/2022\\\/06\\\/280743220_3061231170792729_5628913400731267659_n-1.jpg\",\"width\":1080,\"height\":1080},{\"@type\":\"BreadcrumbList\",\"@id\":\"https:\\\/\\\/marcassrl.com.ar\\\/web\\\/ofertas-de-la-semana\\\/#breadcrumb\",\"itemListElement\":[{\"@type\":\"ListItem\",\"position\":1,\"name\":\"Home\",\"item\":\"https:\\\/\\\/marcassrl.com.ar\\\/web\\\/\"},{\"@type\":\"ListItem\",\"position\":2,\"name\":\"OFERTAS DE LA SEMANA\"}]},{\"@type\":\"WebSite\",\"@id\":\"https:\\\/\\\/marcassrl.com.ar\\\/web\\\/#website\",\"url\":\"https:\\\/\\\/marcassrl.com.ar\\\/web\\\/\",\"name\":\"Marcas Mayorista\",\"description\":\"Mayorista de Cosm\u00e9tica - Capilares - Limpieza\",\"publisher\":{\"@id\":\"https:\\\/\\\/marcassrl.com.ar\\\/web\\\/#organization\"},\"potentialAction\":[{\"@type\":\"SearchAction\",\"target\":{\"@type\":\"EntryPoint\",\"urlTemplate\":\"https:\\\/\\\/marcassrl.com.ar\\\/web\\\/?s={search_term_string}\"},\"query-input\":{\"@type\":\"PropertyValueSpecification\",\"valueRequired\":true,\"valueName\":\"search_term_string\"}}],\"inLanguage\":\"es-AR\"},{\"@type\":\"Organization\",\"@id\":\"https:\\\/\\\/marcassrl.com.ar\\\/web\\\/#organization\",\"name\":\"Marcas Mayorista\",\"url\":\"https:\\\/\\\/marcassrl.com.ar\\\/web\\\/\",\"logo\":{\"@type\":\"ImageObject\",\"inLanguage\":\"es-AR\",\"@id\":\"https:\\\/\\\/marcassrl.com.ar\\\/web\\\/#\\\/schema\\\/logo\\\/image\\\/\",\"url\":\"https:\\\/\\\/marcassrl.com.ar\\\/web\\\/wp-content\\\/uploads\\\/2022\\\/08\\\/logo_marcas_mayorista-1.png\",\"contentUrl\":\"https:\\\/\\\/marcassrl.com.ar\\\/web\\\/wp-content\\\/uploads\\\/2022\\\/08\\\/logo_marcas_mayorista-1.png\",\"width\":824,\"height\":136,\"caption\":\"Marcas Mayorista\"},\"image\":{\"@id\":\"https:\\\/\\\/marcassrl.com.ar\\\/web\\\/#\\\/schema\\\/logo\\\/image\\\/\"},\"sameAs\":[\"https:\\\/\\\/www.facebook.com\\\/marcasmayorista\",\"https:\\\/\\\/www.instagram.com\\\/marcasmayorista\\\/\"]}]}<\/script>\n<!-- \/ Yoast SEO plugin. -->","yoast_head_json":{"title":"OFERTAS DE LA SEMANA | Marcas Mayorista","description":"Cat\u00e1logo distribuidor mayorista de perfumer\u00eda - Encontr\u00e1 las mejores ofertas en Perfumer\u00eda - Limpieza y Capilares! Marcas Mayorista","robots":{"index":"index","follow":"follow","max-snippet":"max-snippet:-1","max-image-preview":"max-image-preview:large","max-video-preview":"max-video-preview:-1"},"canonical":"https:\/\/marcassrl.com.ar\/web\/ofertas-de-la-semana\/","og_locale":"es_ES","og_type":"article","og_title":"Ofertas Mayoristas a tu alcance!","og_description":"Ofertas Mayoristas a tu alcance!","og_url":"https:\/\/marcassrl.com.ar\/web\/ofertas-de-la-semana\/","og_site_name":"Marcas Mayorista","article_publisher":"https:\/\/www.facebook.com\/marcasmayorista","article_modified_time":"2025-11-10T16:18:29+00:00","og_image":[{"width":1080,"height":1080,"url":"https:\/\/marcassrl.com.ar\/web\/wp-content\/uploads\/2022\/06\/280743220_3061231170792729_5628913400731267659_n-1.jpg","type":"image\/jpeg"}],"twitter_card":"summary_large_image","twitter_misc":{"Tiempo de lectura":"1 minuto"},"schema":{"@context":"https:\/\/schema.org","@graph":[{"@type":"WebPage","@id":"https:\/\/marcassrl.com.ar\/web\/ofertas-de-la-semana\/","url":"https:\/\/marcassrl.com.ar\/web\/ofertas-de-la-semana\/","name":"OFERTAS DE LA SEMANA | Marcas Mayorista","isPartOf":{"@id":"https:\/\/marcassrl.com.ar\/web\/#website"},"primaryImageOfPage":{"@id":"https:\/\/marcassrl.com.ar\/web\/ofertas-de-la-semana\/#primaryimage"},"image":{"@id":"https:\/\/marcassrl.com.ar\/web\/ofertas-de-la-semana\/#primaryimage"},"thumbnailUrl":"https:\/\/marcassrl.com.ar\/web\/wp-content\/uploads\/2022\/06\/280743220_3061231170792729_5628913400731267659_n-1.jpg","datePublished":"2022-06-11T13:12:48+00:00","dateModified":"2025-11-10T16:18:29+00:00","description":"Cat\u00e1logo distribuidor mayorista de perfumer\u00eda - Encontr\u00e1 las mejores ofertas en Perfumer\u00eda - Limpieza y Capilares! Marcas Mayorista","breadcrumb":{"@id":"https:\/\/marcassrl.com.ar\/web\/ofertas-de-la-semana\/#breadcrumb"},"inLanguage":"es-AR","potentialAction":[{"@type":"ReadAction","target":["https:\/\/marcassrl.com.ar\/web\/ofertas-de-la-semana\/"]}]},{"@type":"ImageObject","inLanguage":"es-AR","@id":"https:\/\/marcassrl.com.ar\/web\/ofertas-de-la-semana\/#primaryimage","url":"https:\/\/marcassrl.com.ar\/web\/wp-content\/uploads\/2022\/06\/280743220_3061231170792729_5628913400731267659_n-1.jpg","contentUrl":"https:\/\/marcassrl.com.ar\/web\/wp-content\/uploads\/2022\/06\/280743220_3061231170792729_5628913400731267659_n-1.jpg","width":1080,"height":1080},{"@type":"BreadcrumbList","@id":"https:\/\/marcassrl.com.ar\/web\/ofertas-de-la-semana\/#breadcrumb","itemListElement":[{"@type":"ListItem","position":1,"name":"Home","item":"https:\/\/marcassrl.com.ar\/web\/"},{"@type":"ListItem","position":2,"name":"OFERTAS DE LA SEMANA"}]},{"@type":"WebSite","@id":"https:\/\/marcassrl.com.ar\/web\/#website","url":"https:\/\/marcassrl.com.ar\/web\/","name":"Marcas Mayorista","description":"Mayorista de Cosm\u00e9tica - Capilares - Limpieza","publisher":{"@id":"https:\/\/marcassrl.com.ar\/web\/#organization"},"potentialAction":[{"@type":"SearchAction","target":{"@type":"EntryPoint","urlTemplate":"https:\/\/marcassrl.com.ar\/web\/?s={search_term_string}"},"query-input":{"@type":"PropertyValueSpecification","valueRequired":true,"valueName":"search_term_string"}}],"inLanguage":"es-AR"},{"@type":"Organization","@id":"https:\/\/marcassrl.com.ar\/web\/#organization","name":"Marcas Mayorista","url":"https:\/\/marcassrl.com.ar\/web\/","logo":{"@type":"ImageObject","inLanguage":"es-AR","@id":"https:\/\/marcassrl.com.ar\/web\/#\/schema\/logo\/image\/","url":"https:\/\/marcassrl.com.ar\/web\/wp-content\/uploads\/2022\/08\/logo_marcas_mayorista-1.png","contentUrl":"https:\/\/marcassrl.com.ar\/web\/wp-content\/uploads\/2022\/08\/logo_marcas_mayorista-1.png","width":824,"height":136,"caption":"Marcas Mayorista"},"image":{"@id":"https:\/\/marcassrl.com.ar\/web\/#\/schema\/logo\/image\/"},"sameAs":["https:\/\/www.facebook.com\/marcasmayorista","https:\/\/www.instagram.com\/marcasmayorista\/"]}]}},"_links":{"self":[{"href":"https:\/\/marcassrl.com.ar\/web\/wp-json\/wp\/v2\/pages\/261","targetHints":{"allow":["GET"]}}],"collection":[{"href":"https:\/\/marcassrl.com.ar\/web\/wp-json\/wp\/v2\/pages"}],"about":[{"href":"https:\/\/marcassrl.com.ar\/web\/wp-json\/wp\/v2\/types\/page"}],"author":[{"embeddable":true,"href":"https:\/\/marcassrl.com.ar\/web\/wp-json\/wp\/v2\/users\/2"}],"replies":[{"embeddable":true,"href":"https:\/\/marcassrl.com.ar\/web\/wp-json\/wp\/v2\/comments?post=261"}],"version-history":[{"count":50,"href":"https:\/\/marcassrl.com.ar\/web\/wp-json\/wp\/v2\/pages\/261\/revisions"}],"predecessor-version":[{"id":2179,"href":"https:\/\/marcassrl.com.ar\/web\/wp-json\/wp\/v2\/pages\/261\/revisions\/2179"}],"wp:featuredmedia":[{"embeddable":true,"href":"https:\/\/marcassrl.com.ar\/web\/wp-json\/wp\/v2\/media\/29"}],"wp:attachment":[{"href":"https:\/\/marcassrl.com.ar\/web\/wp-json\/wp\/v2\/media?parent=261"}],"curies":[{"name":"wp","href":"https:\/\/api.w.org\/{rel}","templated":true}]}}