{"id":223,"date":"2022-06-10T17:16:14","date_gmt":"2022-06-10T20:16:14","guid":{"rendered":"https:\/\/marcassrl.com.ar\/web\/?page_id=223"},"modified":"2026-01-22T12:40:32","modified_gmt":"2026-01-22T15:40:32","slug":"trabaja-con-nosotros","status":"publish","type":"page","link":"https:\/\/marcassrl.com.ar\/web\/trabaja-con-nosotros\/","title":{"rendered":"Trabaj\u00e1 con nosotros!"},"content":{"rendered":"\n\n\t<section class=\"section\" id=\"section_1801860114\">\n\t\t<div class=\"section-bg fill\" >\n\t\t\t<img loading=\"lazy\" decoding=\"async\" width=\"1536\" height=\"1024\" src=\"https:\/\/marcassrl.com.ar\/web\/wp-content\/uploads\/2025\/12\/ChatGPT-Image-26-dic-2025-15_09_37.png\" class=\"bg\" alt=\"\" srcset=\"https:\/\/marcassrl.com.ar\/web\/wp-content\/uploads\/2025\/12\/ChatGPT-Image-26-dic-2025-15_09_37.png 1536w, https:\/\/marcassrl.com.ar\/web\/wp-content\/uploads\/2025\/12\/ChatGPT-Image-26-dic-2025-15_09_37-300x200.png 300w, https:\/\/marcassrl.com.ar\/web\/wp-content\/uploads\/2025\/12\/ChatGPT-Image-26-dic-2025-15_09_37-1024x683.png 1024w, https:\/\/marcassrl.com.ar\/web\/wp-content\/uploads\/2025\/12\/ChatGPT-Image-26-dic-2025-15_09_37-768x512.png 768w\" sizes=\"auto, (max-width: 1536px) 100vw, 1536px\" \/>\t\t\t\t\t\t\n\t\t\t\n\n\t\t<\/div>\n\n\t\t\n\n\t\t<div class=\"section-content relative\">\n\t\t\t\n\n  <div id=\"page-header-1404873007\" class=\"page-header-wrapper\">\n  <div class=\"page-title dark simple-title box-shadow-5\">\n\n        <div class=\"page-title-bg\">\n      <div class=\"title-bg fill bg-fill\"\n        data-parallax-container=\".page-title\"\n        data-parallax-background\n        data-parallax=\"-\">\n      <\/div>\n      <div class=\"title-overlay fill\"><\/div>\n    <\/div>\n    \n    <div class=\"page-title-inner container align-center text-center flex-row-col medium-flex-wrap\" >\n              <div class=\"title-wrapper is-large flex-col\">\n          <h1 class=\"entry-title mb-0\">\n            \u00a1Te invitamos a ser parte de nuestro equipo!          <\/h1>\n        <\/div>\n                    <div class=\"title-content flex-col\">\n        <div class=\"title-breadcrumbs pb-half pt-half\"><\/div>      <\/div>\n    <\/div>\n\n     \n<style>\n#page-header-1404873007 .page-title-inner {\n  min-height: 1px;\n}\n#page-header-1404873007 {\n  margin-bottom: 2px;\n  background-color: #d26e4b;\n}\n#page-header-1404873007 .title-bg {\n  background-image: url(https:\/\/marcassrl.com.ar\/web\/wp-content\/uploads\/2025\/12\/ChatGPT-Image-26-dic-2025-15_09_37.png);\n}\n#page-header-1404873007 .title-overlay {\n  background-color: #092856;\n}\n<\/style>\n  <\/div>\n    <\/div>\n  \n\n\n\t\t<\/div>\n\n\t\t\n<style>\n#section_1801860114 {\n  padding-top: 0px;\n  padding-bottom: 0px;\n  min-height: 173px;\n}\n#section_1801860114 .section-bg img {\n  object-position: 66% 6%;\n}\n@media (min-width:550px) {\n  #section_1801860114 {\n    padding-top: 30px;\n    padding-bottom: 30px;\n    min-height: 400px;\n  }\n}\n@media (min-width:850px) {\n  #section_1801860114 {\n    min-height: 285px;\n  }\n}\n<\/style>\n\t<\/section>\n\t\n\n\t<section class=\"section\" id=\"section_184500780\">\n\t\t<div class=\"section-bg fill\" >\n\t\t\t\t\t\t\t\t\t\n\t\t\t\n\n\t\t<\/div>\n\n\t\t\n\n\t\t<div class=\"section-content relative\">\n\t\t\t\n\n<div class=\"row\"  id=\"row-804221577\">\n\n\n\t<div id=\"col-392213604\" class=\"col small-12 large-12\"  >\n\t\t\t\t<div class=\"col-inner\"  >\n\t\t\t\n\t\t\t\n\n\t<div id=\"text-3095149552\" class=\"text\">\n\t\t\n\n<h2 class=\"uppercase\" style=\"text-align: center; padding-top: 10px;\"><span style=\"font-size: 110%;\"><strong>b\u00fasquedas laborales activas<\/strong><\/span><\/h2>\n\t\t\n<style>\n#text-3095149552 {\n  font-size: 1.5rem;\n  line-height: 1.25;\n  text-align: center;\n  color: #496ec1;\n}\n#text-3095149552 > * {\n  color: #496ec1;\n}\n<\/style>\n\t<\/div>\n\t\n\n\n<div style=\"margin:20px\"> \n<div class=\"jb jb-jobs\" data-base-post=\"223\"\n\tdata-hide-expired=\"\"\n\tdata-hide-filled=\"\"\n\tdata-filled-only=\"\"\n\tdata-orderby=\"date\"\n\tdata-order=\"DESC\"\n\tdata-employer=\"\"\n\tdata-no-logo=\"\"\n\tdata-hide-job-types=\"\"\n\tdata-page=\"1\"\n\tdata-per-page=\"10\"\n\tdata-no-jobs=\"No Jobs\"\n\tdata-no-jobs-search=\"No Jobs found\"\n\tdata-category=\"\"\n\tdata-type=\"\"\n\t\tdata-wrapper-index=\"1\">\n\n\t\n<div class=\"jb-overlay\">\n\t<div class=\"jb-ajax-loading\"><\/div>\n<\/div>\n\n<div class=\"jb-jobs-header\">\n\n\t\n\t<\/div>\n\n<script type=\"text\/template\" id=\"tmpl-jb-jobs-list-line\">\n\t<# if ( data.jobs.length > 0 ) { #>\n\n\t\t<# _.each( data.jobs, function( job, key, list ) { #>\n\t\t\t\n\t\t\t<div class=\"jb-job-list-row<# if ( ! job.logo ) { #> jb-job-list-no-logo<# } #><# if ( job.actions.length > 0 ) { #> jb-job-list-with-actions<# } #><# if ( job.featured ) { #> jb-job-list-featured<# } #>\">\t\t\t\t<# if ( ! data.hide_logo ) { #>\n\t\t\t\t\t<# if ( job.logo ) { #>\n\t\t\t\t\t\t<div class=\"jb-job-logo\">\n\t\t\t\t\t\t\t{{{job.logo}}}\n\t\t\t\t\t\t<\/div>\n\t\t\t\t\t<# } #>\n\t\t\t\t<# } #>\n\t\t\t\t<div class=\"jb-row-data\">\n\t\t\t\t\t<div class=\"jb-job-title\">\n\t\t\t\t\t\t<span class=\"jb-job-title-link-line\"><a href=\"{{{job.permalink}}}\" class=\"jb-job-title-link\">{{{job.title}}}<\/a><\/span>\n\t\t\t\t\t\t<div class=\"jb-job-title-end jb-responsive jb-ui-m jb-ui-l jb-ui-xl\">\n\t\t\t\t\t\t\t<# if ( job.featured ) { #>\n\t\t\t\t\t\t\t\t<div class=\"jb-job-featured\">Featured<\/div>\n\t\t\t\t\t\t\t<# } #>\n\t\t\t\t\t\t\t<# if ( ! data.hide_job_types ) { #>\n\t\t\t\t\t\t\t\t<# if ( job.types.length > 0 ) { #>\n\t\t\t\t\t\t\t\t\t<div class=\"jb-job-types\">\n\t\t\t\t\t\t\t\t\t\t<# _.each( job.types, function( type, t_key, t_list ) { #>\n\t\t\t\t\t\t\t\t\t\t\t<div class=\"jb-job-type\" style=\"color:{{{type.color}}};background:{{{type.bg_color}}};\">\n\t\t\t\t\t\t\t\t\t\t\t\t{{{type.name}}}\n\t\t\t\t\t\t\t\t\t\t\t<\/div>\n\t\t\t\t\t\t\t\t\t\t<# }); #>\n\t\t\t\t\t\t\t\t\t<\/div>\n\t\t\t\t\t\t\t\t<# } #>\n\t\t\t\t\t\t\t<# } #>\n\t\t\t\t\t\t<\/div>\n\t\t\t\t\t<\/div>\n\t\t\t\t\t<div class=\"jb-row-info\">\n\t\t\t\t\t\t<div class=\"jb-row-left-side\">\n\t\t\t\t\t\t\t<# if ( job.company.name ) { #>\n\t\t\t\t\t\t\t\t<div class=\"company\">\n\t\t\t\t\t\t\t\t\t<i class=\"far fa-building\"><\/i>\n\t\t\t\t\t\t\t\t\t<span title=\"{{{job.company.tagline}}}\">\n\t\t\t\t\t\t\t\t\t\t{{{job.company.name}}}\n\t\t\t\t\t\t\t\t\t<\/span>\n\t\t\t\t\t\t\t\t<\/div>\n\t\t\t\t\t\t\t<# } #>\n\n\t\t\t\t\t\t\t<# if ( job.location ) { #>\n\t\t\t\t\t\t\t\t<div class=\"location\">\n\t\t\t\t\t\t\t\t\t<i class=\"fas fa-map-marker-alt\"><\/i>\n\t\t\t\t\t\t\t\t\t{{{job.location}}}\n\t\t\t\t\t\t\t\t<\/div>\n\t\t\t\t\t\t\t<# } #>\n\n\t\t\t\t\t\t\t\n\t\t\t\t\t\t\t<div class=\"jb-responsive jb-ui-s jb-ui-xs date\" title=\"Posted\">\n\t\t\t\t\t\t\t\t<i class=\"far fa-calendar-alt\"><\/i>\n\t\t\t\t\t\t\t\tPosted {{{job.date}}}\n\t\t\t\t\t\t\t<\/div>\n\n\t\t\t\t\t\t\t<# if ( job.expires ) { #>\n\t\t\t\t\t\t\t\t<div class=\"expires\" title=\"Expires\">\n\t\t\t\t\t\t\t\t\t<i class=\"fa fa-calendar-times-o\"><\/i>\n\t\t\t\t\t\t\t\t\tClosing on {{{job.expires}}}\n\t\t\t\t\t\t\t\t<\/div>\n\t\t\t\t\t\t\t<# } #>\n\n\t\t\t\t\t\t\t\t\t\t\t\t\t<\/div>\n\t\t\t\t\t\t<div class=\"jb-row-right-side\">\n\t\t\t\t\t\t\t<div class=\"date jb-responsive jb-ui-m jb-ui-l jb-ui-xl date\" title=\"Posted\">\n\t\t\t\t\t\t\t\t{{{job.date}}}\n\t\t\t\t\t\t\t<\/div>\n\t\t\t\t\t\t\t<div class=\"jb-row-right-side-line\">\n\t\t\t\t\t\t\t\t<# if ( job.featured ) { #>\n\t\t\t\t\t\t\t\t\t<div class=\"jb-job-featured jb-responsive jb-ui-s jb-ui-xs\">Featured<\/div>\n\t\t\t\t\t\t\t\t<# } #>\n\t\t\t\t\t\t\t\t<# if ( ! data.hide_job_types ) { #>\n\t\t\t\t\t\t\t\t\t<# if ( job.types.length > 0 ) { #>\n\t\t\t\t\t\t\t\t\t\t<div class=\"jb-job-types jb-responsive jb-ui-s jb-ui-xs\">\n\t\t\t\t\t\t\t\t\t\t\t<# _.each( job.types, function( type, t_key, t_list ) { #>\n\t\t\t\t\t\t\t\t\t\t\t\t<div class=\"jb-job-type\" style=\"color:{{{type.color}}};background:{{{type.bg_color}}};\">\n\t\t\t\t\t\t\t\t\t\t\t\t\t{{{type.name}}}\n\t\t\t\t\t\t\t\t\t\t\t\t<\/div>\n\t\t\t\t\t\t\t\t\t\t\t<# }); #>\n\t\t\t\t\t\t\t\t\t\t<\/div>\n\t\t\t\t\t\t\t\t\t<# } #>\n\t\t\t\t\t\t\t\t<# } #>\n\t\t\t\t\t\t\t<\/div>\n\t\t\t\t\t\t<\/div>\n\t\t\t\t\t<\/div>\n\t\t\t\t<\/div>\n\t\t\t\t<# if ( job.actions.length > 0 ) { #>\n\t\t\t\t\t<div class=\"jb-row-actions\">\n\t\t\t\t\t\t<# _.each( job.actions, function( action, a_key, a_list ) { #>\n\t\t\t\t\t\t\t<# if ( action.html ) { #>\n\t\t\t\t\t\t\t\t{{{action.html}}}\n\t\t\t\t\t\t\t<# } else { #>\n\t\t\t\t\t\t\t\t<a href=\"{{{action.url}}}\" class=\"{{{action.class}}}\">\n\t\t\t\t\t\t\t\t\t<i class=\"{{{action.img}}}\"><\/i>\n\t\t\t\t\t\t\t\t<\/a>\n\t\t\t\t\t\t\t<# } #>\n\t\t\t\t\t\t<# }); #>\n\t\t\t\t\t<\/div>\n\t\t\t\t<# } #>\n\t\t\t<\/div>\n\t\t<# }); #>\n\t<# } #>\n<\/script>\n\n<div class=\"jb-jobs-wrapper\"><\/div>\n\n<div class=\"jb-jobs-pagination-box\">\n\t<a href=\"javascript:void(0);\" class=\"jb-load-more-jobs\">\n\t\tLoad more jobs\t<\/a>\n<\/div>\n<\/div>\n <\/div>\n\n\n\t\t<\/div>\n\t\t\t\t\t<\/div>\n\n\t\n\n<\/div>\n<div class=\"row row-small align-center\"  id=\"row-692484033\">\n\n\n\t<div id=\"col-109249154\" class=\"col medium-12 small-12 large-6\"  >\n\t\t\t\t<div class=\"col-inner\"  >\n\t\t\t\n\t\t\t\n\n\t<div id=\"gap-974183129\" class=\"gap-element clearfix\" style=\"display:block; height:auto;\">\n\t\t\n<style>\n#gap-974183129 {\n  padding-top: 10px;\n}\n@media (min-width:550px) {\n  #gap-974183129 {\n    padding-top: 20px;\n  }\n}\n@media (min-width:850px) {\n  #gap-974183129 {\n    padding-top: 30px;\n  }\n}\n<\/style>\n\t<\/div>\n\t\n\n\t<div id=\"text-1449188609\" class=\"text\">\n\t\t\n\n<h1 style=\"text-align: center;\">\u00a1Equipo MARCAS!<\/h1>\n\t\t\n<style>\n#text-1449188609 {\n  font-size: 0.9rem;\n  text-align: left;\n  color: #496ec1;\n}\n#text-1449188609 > * {\n  color: #496ec1;\n}\n@media (min-width:550px) {\n  #text-1449188609 {\n    font-size: 1.55rem;\n  }\n}\n<\/style>\n\t<\/div>\n\t\n<div class=\"elementor-element elementor-element-48f5615 elementor-widget elementor-widget-heading\" data-id=\"48f5615\" data-element_type=\"widget\" data-widget_type=\"heading.default\">\n<div class=\"elementor-widget-container\">\n<p class=\"elementor-heading-title elementor-size-default elementor-inline-editing pen\" style=\"text-align: center;\" data-elementor-setting-key=\"title\" data-pen-placeholder=\"Teclea aqu\u00ed...\">Si quer\u00e9s sumarte a un equipo con pasi\u00f3n,energ\u00eda e inspiraci\u00f3n hacia el cliente,complet\u00e1 el formulario.<\/p>\n<\/div>\n<\/div>\n\n\t\t<\/div>\n\t\t\t\t\n<style>\n#col-109249154 > .col-inner {\n  padding: 0px 0% 0px 0px;\n  margin: 0px 0px -40px 0px;\n}\n@media (min-width:550px) {\n  #col-109249154 > .col-inner {\n    padding: 0px 10% 0px 0px;\n  }\n}\n<\/style>\n\t<\/div>\n\n\t\n\n\t<div id=\"col-236854221\" class=\"col medium-12 small-12 large-6\"  >\n\t\t\t\t<div class=\"col-inner text-left\" style=\"background-color:#496ec1;\" >\n\t\t\t\n\t<div class=\"is-border\"\n\t\tstyle=\"border-color:rgb(73, 110, 193);border-width:10px 0px 0px 0px;\">\n\t<\/div>\n\t\t\t\n\n\t<div id=\"text-1766657365\" class=\"text\">\n\t\t\n\n<h3>Complet\u00e1 el formulario!<\/h3>\n\t\t\n<style>\n#text-1766657365 {\n  font-size: 1.25rem;\n  line-height: 1.15;\n  color: rgb(255,255,255);\n}\n#text-1766657365 > * {\n  color: rgb(255,255,255);\n}\n<\/style>\n\t<\/div>\n\t\n<a href=\"https:\/\/docs.google.com\/forms\/d\/e\/1FAIpQLSfOtGhAz0h0XUhojmUgIVIjlh_KWIlvZMw8u9c6zFVtFaxTyw\/viewform?usp=sf_link\" class=\"button secondary is-small expand\"  style=\"border-radius:23px;\">\n\t\t<span>Quiero postularme!<\/span>\n\t<\/a>\n\n\n\n\t\t<\/div>\n\t\t\t\t\n<style>\n#col-236854221 > .col-inner {\n  padding: 10% 10% 8% 10%;\n  margin: 0 0px 0px 0px;\n}\n@media (min-width:850px) {\n  #col-236854221 > .col-inner {\n    padding: 15% 15% 10% 15%;\n    margin: 29px 0px 0px 0px;\n  }\n}\n<\/style>\n\t<\/div>\n\n\t\n\n<\/div>\n\n\t\t<\/div>\n\n\t\t\n<style>\n#section_184500780 {\n  padding-top: 0px;\n  padding-bottom: 0px;\n  margin-bottom: -48px;\n}\n@media (min-width:550px) {\n  #section_184500780 {\n    padding-top: 30px;\n    padding-bottom: 30px;\n  }\n}\n<\/style>\n\t<\/section>\n\t\n\n","protected":false},"excerpt":{"rendered":"","protected":false},"author":2,"featured_media":0,"parent":0,"menu_order":0,"comment_status":"closed","ping_status":"closed","template":"","meta":{"footnotes":""},"class_list":["post-223","page","type-page","status-publish","hentry"],"yoast_head":"<!-- This site is optimized with the Yoast SEO plugin v27.5 - https:\/\/yoast.com\/product\/yoast-seo-wordpress\/ -->\n<title>Trabaj\u00e1 con nosotros! | Marcas Mayorista<\/title>\n<meta name=\"description\" content=\"Si quer\u00e9s sumarte a un equipo con pasi\u00f3n,energ\u00eda e inspiraci\u00f3n hacia el cliente,complet\u00e1 el formulario. Marcas Mayorista!\" \/>\n<meta name=\"robots\" content=\"index, follow, max-snippet:-1, max-image-preview:large, max-video-preview:-1\" \/>\n<link rel=\"canonical\" href=\"https:\/\/marcassrl.com.ar\/web\/trabaja-con-nosotros\/\" \/>\n<meta property=\"og:locale\" content=\"es_ES\" \/>\n<meta property=\"og:type\" content=\"article\" \/>\n<meta property=\"og:title\" content=\"Sumate a Marcas!\" \/>\n<meta property=\"og:description\" content=\"Si quer\u00e9s sumarte a un equipo con pasi\u00f3n,energ\u00eda e inspiraci\u00f3n hacia el cliente,complet\u00e1 el formulario.\" \/>\n<meta property=\"og:url\" content=\"https:\/\/marcassrl.com.ar\/web\/trabaja-con-nosotros\/\" \/>\n<meta property=\"og:site_name\" content=\"Marcas Mayorista\" \/>\n<meta property=\"article:publisher\" content=\"https:\/\/www.facebook.com\/marcasmayorista\" \/>\n<meta property=\"article:modified_time\" content=\"2026-01-22T15:40:32+00:00\" \/>\n<meta property=\"og:image\" content=\"https:\/\/marcassrl.com.ar\/web\/wp-content\/uploads\/2022\/06\/seguro-compensacion-trabajadores-Portada-1-e1655992989101.jpg\" \/>\n\t<meta property=\"og:image:width\" content=\"800\" \/>\n\t<meta property=\"og:image:height\" content=\"439\" \/>\n\t<meta property=\"og:image:type\" content=\"image\/jpeg\" \/>\n<meta name=\"twitter:card\" content=\"summary_large_image\" \/>\n<meta name=\"twitter:label1\" content=\"Tiempo de lectura\" \/>\n\t<meta name=\"twitter:data1\" content=\"1 minuto\" \/>\n<script type=\"application\/ld+json\" class=\"yoast-schema-graph\">{\"@context\":\"https:\\\/\\\/schema.org\",\"@graph\":[{\"@type\":\"WebPage\",\"@id\":\"https:\\\/\\\/marcassrl.com.ar\\\/web\\\/trabaja-con-nosotros\\\/\",\"url\":\"https:\\\/\\\/marcassrl.com.ar\\\/web\\\/trabaja-con-nosotros\\\/\",\"name\":\"Trabaj\u00e1 con nosotros! | Marcas Mayorista\",\"isPartOf\":{\"@id\":\"https:\\\/\\\/marcassrl.com.ar\\\/web\\\/#website\"},\"datePublished\":\"2022-06-10T20:16:14+00:00\",\"dateModified\":\"2026-01-22T15:40:32+00:00\",\"description\":\"Si quer\u00e9s sumarte a un equipo con pasi\u00f3n,energ\u00eda e inspiraci\u00f3n hacia el cliente,complet\u00e1 el formulario. Marcas Mayorista!\",\"breadcrumb\":{\"@id\":\"https:\\\/\\\/marcassrl.com.ar\\\/web\\\/trabaja-con-nosotros\\\/#breadcrumb\"},\"inLanguage\":\"es-AR\",\"potentialAction\":[{\"@type\":\"ReadAction\",\"target\":[\"https:\\\/\\\/marcassrl.com.ar\\\/web\\\/trabaja-con-nosotros\\\/\"]}]},{\"@type\":\"BreadcrumbList\",\"@id\":\"https:\\\/\\\/marcassrl.com.ar\\\/web\\\/trabaja-con-nosotros\\\/#breadcrumb\",\"itemListElement\":[{\"@type\":\"ListItem\",\"position\":1,\"name\":\"Home\",\"item\":\"https:\\\/\\\/marcassrl.com.ar\\\/web\\\/\"},{\"@type\":\"ListItem\",\"position\":2,\"name\":\"Trabaj\u00e1 con nosotros!\"}]},{\"@type\":\"WebSite\",\"@id\":\"https:\\\/\\\/marcassrl.com.ar\\\/web\\\/#website\",\"url\":\"https:\\\/\\\/marcassrl.com.ar\\\/web\\\/\",\"name\":\"Marcas Mayorista\",\"description\":\"Mayorista de Cosm\u00e9tica - Capilares - Limpieza\",\"publisher\":{\"@id\":\"https:\\\/\\\/marcassrl.com.ar\\\/web\\\/#organization\"},\"potentialAction\":[{\"@type\":\"SearchAction\",\"target\":{\"@type\":\"EntryPoint\",\"urlTemplate\":\"https:\\\/\\\/marcassrl.com.ar\\\/web\\\/?s={search_term_string}\"},\"query-input\":{\"@type\":\"PropertyValueSpecification\",\"valueRequired\":true,\"valueName\":\"search_term_string\"}}],\"inLanguage\":\"es-AR\"},{\"@type\":\"Organization\",\"@id\":\"https:\\\/\\\/marcassrl.com.ar\\\/web\\\/#organization\",\"name\":\"Marcas Mayorista\",\"url\":\"https:\\\/\\\/marcassrl.com.ar\\\/web\\\/\",\"logo\":{\"@type\":\"ImageObject\",\"inLanguage\":\"es-AR\",\"@id\":\"https:\\\/\\\/marcassrl.com.ar\\\/web\\\/#\\\/schema\\\/logo\\\/image\\\/\",\"url\":\"https:\\\/\\\/marcassrl.com.ar\\\/web\\\/wp-content\\\/uploads\\\/2022\\\/08\\\/logo_marcas_mayorista-1.png\",\"contentUrl\":\"https:\\\/\\\/marcassrl.com.ar\\\/web\\\/wp-content\\\/uploads\\\/2022\\\/08\\\/logo_marcas_mayorista-1.png\",\"width\":824,\"height\":136,\"caption\":\"Marcas Mayorista\"},\"image\":{\"@id\":\"https:\\\/\\\/marcassrl.com.ar\\\/web\\\/#\\\/schema\\\/logo\\\/image\\\/\"},\"sameAs\":[\"https:\\\/\\\/www.facebook.com\\\/marcasmayorista\",\"https:\\\/\\\/www.instagram.com\\\/marcasmayorista\\\/\"]}]}<\/script>\n<!-- \/ Yoast SEO plugin. -->","yoast_head_json":{"title":"Trabaj\u00e1 con nosotros! | Marcas Mayorista","description":"Si quer\u00e9s sumarte a un equipo con pasi\u00f3n,energ\u00eda e inspiraci\u00f3n hacia el cliente,complet\u00e1 el formulario. Marcas Mayorista!","robots":{"index":"index","follow":"follow","max-snippet":"max-snippet:-1","max-image-preview":"max-image-preview:large","max-video-preview":"max-video-preview:-1"},"canonical":"https:\/\/marcassrl.com.ar\/web\/trabaja-con-nosotros\/","og_locale":"es_ES","og_type":"article","og_title":"Sumate a Marcas!","og_description":"Si quer\u00e9s sumarte a un equipo con pasi\u00f3n,energ\u00eda e inspiraci\u00f3n hacia el cliente,complet\u00e1 el formulario.","og_url":"https:\/\/marcassrl.com.ar\/web\/trabaja-con-nosotros\/","og_site_name":"Marcas Mayorista","article_publisher":"https:\/\/www.facebook.com\/marcasmayorista","article_modified_time":"2026-01-22T15:40:32+00:00","og_image":[{"width":800,"height":439,"url":"https:\/\/marcassrl.com.ar\/web\/wp-content\/uploads\/2022\/06\/seguro-compensacion-trabajadores-Portada-1-e1655992989101.jpg","type":"image\/jpeg"}],"twitter_card":"summary_large_image","twitter_misc":{"Tiempo de lectura":"1 minuto"},"schema":{"@context":"https:\/\/schema.org","@graph":[{"@type":"WebPage","@id":"https:\/\/marcassrl.com.ar\/web\/trabaja-con-nosotros\/","url":"https:\/\/marcassrl.com.ar\/web\/trabaja-con-nosotros\/","name":"Trabaj\u00e1 con nosotros! | Marcas Mayorista","isPartOf":{"@id":"https:\/\/marcassrl.com.ar\/web\/#website"},"datePublished":"2022-06-10T20:16:14+00:00","dateModified":"2026-01-22T15:40:32+00:00","description":"Si quer\u00e9s sumarte a un equipo con pasi\u00f3n,energ\u00eda e inspiraci\u00f3n hacia el cliente,complet\u00e1 el formulario. Marcas Mayorista!","breadcrumb":{"@id":"https:\/\/marcassrl.com.ar\/web\/trabaja-con-nosotros\/#breadcrumb"},"inLanguage":"es-AR","potentialAction":[{"@type":"ReadAction","target":["https:\/\/marcassrl.com.ar\/web\/trabaja-con-nosotros\/"]}]},{"@type":"BreadcrumbList","@id":"https:\/\/marcassrl.com.ar\/web\/trabaja-con-nosotros\/#breadcrumb","itemListElement":[{"@type":"ListItem","position":1,"name":"Home","item":"https:\/\/marcassrl.com.ar\/web\/"},{"@type":"ListItem","position":2,"name":"Trabaj\u00e1 con nosotros!"}]},{"@type":"WebSite","@id":"https:\/\/marcassrl.com.ar\/web\/#website","url":"https:\/\/marcassrl.com.ar\/web\/","name":"Marcas Mayorista","description":"Mayorista de Cosm\u00e9tica - Capilares - Limpieza","publisher":{"@id":"https:\/\/marcassrl.com.ar\/web\/#organization"},"potentialAction":[{"@type":"SearchAction","target":{"@type":"EntryPoint","urlTemplate":"https:\/\/marcassrl.com.ar\/web\/?s={search_term_string}"},"query-input":{"@type":"PropertyValueSpecification","valueRequired":true,"valueName":"search_term_string"}}],"inLanguage":"es-AR"},{"@type":"Organization","@id":"https:\/\/marcassrl.com.ar\/web\/#organization","name":"Marcas Mayorista","url":"https:\/\/marcassrl.com.ar\/web\/","logo":{"@type":"ImageObject","inLanguage":"es-AR","@id":"https:\/\/marcassrl.com.ar\/web\/#\/schema\/logo\/image\/","url":"https:\/\/marcassrl.com.ar\/web\/wp-content\/uploads\/2022\/08\/logo_marcas_mayorista-1.png","contentUrl":"https:\/\/marcassrl.com.ar\/web\/wp-content\/uploads\/2022\/08\/logo_marcas_mayorista-1.png","width":824,"height":136,"caption":"Marcas Mayorista"},"image":{"@id":"https:\/\/marcassrl.com.ar\/web\/#\/schema\/logo\/image\/"},"sameAs":["https:\/\/www.facebook.com\/marcasmayorista","https:\/\/www.instagram.com\/marcasmayorista\/"]}]}},"_links":{"self":[{"href":"https:\/\/marcassrl.com.ar\/web\/wp-json\/wp\/v2\/pages\/223","targetHints":{"allow":["GET"]}}],"collection":[{"href":"https:\/\/marcassrl.com.ar\/web\/wp-json\/wp\/v2\/pages"}],"about":[{"href":"https:\/\/marcassrl.com.ar\/web\/wp-json\/wp\/v2\/types\/page"}],"author":[{"embeddable":true,"href":"https:\/\/marcassrl.com.ar\/web\/wp-json\/wp\/v2\/users\/2"}],"replies":[{"embeddable":true,"href":"https:\/\/marcassrl.com.ar\/web\/wp-json\/wp\/v2\/comments?post=223"}],"version-history":[{"count":16,"href":"https:\/\/marcassrl.com.ar\/web\/wp-json\/wp\/v2\/pages\/223\/revisions"}],"predecessor-version":[{"id":2228,"href":"https:\/\/marcassrl.com.ar\/web\/wp-json\/wp\/v2\/pages\/223\/revisions\/2228"}],"wp:attachment":[{"href":"https:\/\/marcassrl.com.ar\/web\/wp-json\/wp\/v2\/media?parent=223"}],"curies":[{"name":"wp","href":"https:\/\/api.w.org\/{rel}","templated":true}]}}