{"id":164,"date":"2022-06-07T19:59:45","date_gmt":"2022-06-07T22:59:45","guid":{"rendered":"https:\/\/marcassrl.com.ar\/web\/?page_id=164"},"modified":"2024-10-08T17:48:27","modified_gmt":"2024-10-08T20:48:27","slug":"nosotros","status":"publish","type":"page","link":"https:\/\/marcassrl.com.ar\/web\/nosotros\/","title":{"rendered":"Quienes somos"},"content":{"rendered":"\n\n\t<section class=\"section dark\" id=\"section_1571607840\">\n\t\t<div class=\"section-bg fill\" >\n\t\t\t<img loading=\"lazy\" decoding=\"async\" width=\"1000\" height=\"750\" src=\"https:\/\/marcassrl.com.ar\/web\/wp-content\/uploads\/2022\/06\/DSCN5365-e1655995544839.jpg\" class=\"bg\" alt=\"\" srcset=\"https:\/\/marcassrl.com.ar\/web\/wp-content\/uploads\/2022\/06\/DSCN5365-e1655995544839.jpg 1000w, https:\/\/marcassrl.com.ar\/web\/wp-content\/uploads\/2022\/06\/DSCN5365-e1655995544839-300x225.jpg 300w, https:\/\/marcassrl.com.ar\/web\/wp-content\/uploads\/2022\/06\/DSCN5365-e1655995544839-768x576.jpg 768w\" sizes=\"auto, (max-width: 1000px) 100vw, 1000px\" \/>\t\t\t\t\t\t<div class=\"section-bg-overlay absolute fill\"><\/div>\n\t\t\t\n\n\t\t<\/div>\n\n\t\t\n\n\t\t<div class=\"section-content relative\">\n\t\t\t\n\n<div class=\"row align-center\"  id=\"row-1898930347\">\n\n\n\t<div id=\"col-186111541\" class=\"col medium-7 small-12 large-8\"  >\n\t\t\t\t<div class=\"col-inner\"  >\n\t\t\t\n\t\t\t\n\n\t<div id=\"text-2414676711\" class=\"text\">\n\t\t\n\n<h1><span style=\"font-size: 250%;\">Nosotros<\/span><\/h1>\n\t\t\n<style>\n#text-2414676711 {\n  font-size: 0.75rem;\n  line-height: 1.55;\n  text-align: center;\n}\n<\/style>\n\t<\/div>\n\t\n<div class=\"text-center\"><div class=\"is-divider divider clearfix\" style=\"margin-top:0.6em;margin-bottom:0.6em;max-width:100px;height:5px;background-color:rgb(147, 199, 229);\"><\/div><\/div>\n\n\t<div id=\"text-3377291903\" class=\"text\">\n\t\t\n\n<p>Somos un mayorista con m\u00e1s 30 a\u00f1os l\u00edder en el mercado local de Perfumer\u00eda, Limpieza, Pa\u00f1ales y Productos para tratamientos capilares con 2 sucursales Express en C\u00f3rdoba y Jes\u00fas Mar\u00eda.<\/p>\n\t\t\n<style>\n#text-3377291903 {\n  font-size: 0.95rem;\n  line-height: 1.5;\n  text-align: center;\n  color: rgb(255, 255, 255);\n}\n#text-3377291903 > * {\n  color: rgb(255, 255, 255);\n}\n@media (min-width:550px) {\n  #text-3377291903 {\n    font-size: 1.15rem;\n  }\n}\n<\/style>\n\t<\/div>\n\t\n\n\t\t<\/div>\n\t\t\t\t\n<style>\n#col-186111541 > .col-inner {\n  margin: 0px 0px -32px 0px;\n}\n<\/style>\n\t<\/div>\n\n\t\n\n<\/div>\n\n\t\t<\/div>\n\n\t\t\n<style>\n#section_1571607840 {\n  padding-top: 0px;\n  padding-bottom: 0px;\n  min-height: 232px;\n}\n#section_1571607840 .section-bg-overlay {\n  background-color: rgba(17, 1, 205, 0.558);\n}\n#section_1571607840 .section-bg img {\n  object-position: 7% 47%;\n}\n@media (min-width:550px) {\n  #section_1571607840 {\n    padding-top: 30px;\n    padding-bottom: 30px;\n    min-height: 343px;\n  }\n}\n<\/style>\n\t<\/section>\n\t\n\t<div id=\"gap-83011675\" class=\"gap-element clearfix\" style=\"display:block; height:auto;\">\n\t\t\n<style>\n#gap-83011675 {\n  padding-top: 16px;\n}\n<\/style>\n\t<\/div>\n\t\n\n<div class=\"video video-fit mb\" style=\"padding-top:56.25%;\"><iframe loading=\"lazy\" title=\"Marcas Mayorista | M\u00e1s de 30 a\u00f1os juntos!\ud83d\uded2\" width=\"1020\" height=\"574\" src=\"https:\/\/www.youtube.com\/embed\/zVXpx1ISjEg?feature=oembed\" frameborder=\"0\" allow=\"accelerometer; autoplay; clipboard-write; encrypted-media; gyroscope; picture-in-picture; web-share\" allowfullscreen><\/iframe><\/div>\n\n\n\t<section class=\"section\" id=\"section_956242542\">\n\t\t<div class=\"section-bg fill\" >\n\t\t\t\t\t\t\t\t\t\n\t\t\t\n\n\t\t<\/div>\n\n\t\t\n\n\t\t<div class=\"section-content relative\">\n\t\t\t\n\n\t<div id=\"gap-820913367\" class=\"gap-element clearfix\" style=\"display:block; height:auto;\">\n\t\t\n<style>\n#gap-820913367 {\n  padding-top: 0px;\n}\n<\/style>\n\t<\/div>\n\t\n\n<div class=\"row row-large align-middle\" style=\"max-width:1300px\" id=\"row-592483657\">\n\n\n\t<div id=\"col-1970836365\" class=\"col medium-12 small-12 large-7\"  >\n\t\t\t\t<div class=\"col-inner\"  >\n\t\t\t\n\t\t\t\n\n<div class=\"slider-wrapper relative\" id=\"slider-1091647052\" >\n    <div class=\"slider slider-nav-simple slider-nav-normal slider-nav-light slider-style-normal slider-show-nav\"\n        data-flickity-options='{\n            \"cellAlign\": \"center\",\n            \"imagesLoaded\": true,\n            \"lazyLoad\": 1,\n            \"freeScroll\": false,\n            \"wrapAround\": true,\n            \"autoPlay\": 4000,\n            \"pauseAutoPlayOnHover\" : false,\n            \"prevNextButtons\": true,\n            \"contain\" : true,\n            \"adaptiveHeight\" : true,\n            \"dragThreshold\" : 10,\n            \"percentPosition\": true,\n            \"pageDots\": false,\n            \"rightToLeft\": false,\n            \"draggable\": true,\n            \"selectedAttraction\": 0.1,\n            \"parallax\" : 0,\n            \"friction\": 0.6        }'\n        >\n        \n\n\n  <div class=\"banner has-hover\" id=\"banner-324233379\">\n          <div class=\"banner-inner fill\">\n        <div class=\"banner-bg fill\" >\n            <img loading=\"lazy\" decoding=\"async\" width=\"1000\" height=\"750\" src=\"https:\/\/marcassrl.com.ar\/web\/wp-content\/uploads\/2022\/06\/DSCN5381-e1655995532446.jpg\" class=\"bg\" alt=\"\" srcset=\"https:\/\/marcassrl.com.ar\/web\/wp-content\/uploads\/2022\/06\/DSCN5381-e1655995532446.jpg 1000w, https:\/\/marcassrl.com.ar\/web\/wp-content\/uploads\/2022\/06\/DSCN5381-e1655995532446-300x225.jpg 300w, https:\/\/marcassrl.com.ar\/web\/wp-content\/uploads\/2022\/06\/DSCN5381-e1655995532446-768x576.jpg 768w\" sizes=\"auto, (max-width: 1000px) 100vw, 1000px\" \/>                                    \n                    <\/div>\n\t\t\n        <div class=\"banner-layers container\">\n            <div class=\"fill banner-link\"><\/div>            \n\n\n        <\/div>\n      <\/div>\n\n            \n<style>\n#banner-324233379 {\n  padding-top: 220px;\n  background-color: rgb(255, 255, 255);\n}\n#banner-324233379 .banner-bg img {\n  object-position: 0% 63%;\n}\n@media (min-width:550px) {\n  #banner-324233379 {\n    padding-top: 500px;\n  }\n}\n<\/style>\n  <\/div>\n\n\n\n  <div class=\"banner has-hover\" id=\"banner-1609433024\">\n          <div class=\"banner-inner fill\">\n        <div class=\"banner-bg fill\" >\n            <img loading=\"lazy\" decoding=\"async\" width=\"1000\" height=\"750\" src=\"https:\/\/marcassrl.com.ar\/web\/wp-content\/uploads\/2022\/06\/DSCN5402-e1655996538837.jpg\" class=\"bg\" alt=\"\" srcset=\"https:\/\/marcassrl.com.ar\/web\/wp-content\/uploads\/2022\/06\/DSCN5402-e1655996538837.jpg 1000w, https:\/\/marcassrl.com.ar\/web\/wp-content\/uploads\/2022\/06\/DSCN5402-e1655996538837-300x225.jpg 300w, https:\/\/marcassrl.com.ar\/web\/wp-content\/uploads\/2022\/06\/DSCN5402-e1655996538837-768x576.jpg 768w\" sizes=\"auto, (max-width: 1000px) 100vw, 1000px\" \/>                                    \n                    <\/div>\n\t\t\n        <div class=\"banner-layers container\">\n            <div class=\"fill banner-link\"><\/div>            \n\n\n        <\/div>\n      <\/div>\n\n            \n<style>\n#banner-1609433024 {\n  padding-top: 220px;\n  background-color: rgb(255, 255, 255);\n}\n#banner-1609433024 .banner-bg img {\n  object-position: 0% 63%;\n}\n@media (min-width:550px) {\n  #banner-1609433024 {\n    padding-top: 500px;\n  }\n}\n<\/style>\n  <\/div>\n\n\n\n     <\/div>\n\n     <div class=\"loading-spin dark large centered\"><\/div>\n\n\t<\/div>\n\n\n\n\t\t<\/div>\n\t\t\t\t\n<style>\n#col-1970836365 > .col-inner {\n  margin: 0px 0px -12px 0px;\n}\n<\/style>\n\t<\/div>\n\n\t\n\n\t<div id=\"col-1916519052\" class=\"col medium-10 small-12 large-5\"  >\n\t\t\t\t<div class=\"col-inner\"  >\n\t\t\t\n\t\t\t\n\n\t<div id=\"gap-957063878\" class=\"gap-element clearfix\" style=\"display:block; height:auto;\">\n\t\t\n<style>\n#gap-957063878 {\n  padding-top: 0px;\n}\n@media (min-width:550px) {\n  #gap-957063878 {\n    padding-top: 30px;\n  }\n}\n<\/style>\n\t<\/div>\n\t\n\n\t<div id=\"text-3197735754\" class=\"text\">\n\t\t\n\n<h2>Variedad y Servicio<\/h2>\n\t\t\n<style>\n#text-3197735754 {\n  font-size: 1.75rem;\n}\n<\/style>\n\t<\/div>\n\t\n<div class=\"is-divider divider clearfix\" style=\"margin-top:0.4em;margin-bottom:0.4em;max-width:100px;height:4px;background-color:rgb(111, 166, 212);\"><\/div>\n\n\t<div id=\"text-30592337\" class=\"text\">\n\t\t\n\n<p style=\"text-align: justify;\"><span lang=\"ES-AR\">Contamos con un sistema de autoservicio asistido profesionalmente con una amplia infraestructura l<\/span><span lang=\"ES-AR\">og\u00edstica propia y entrega a domicilio. <\/span><\/p>\n<p style=\"text-align: justify;\"><span lang=\"ES-AR\">Nuestro s<\/span><span lang=\"ES-AR\">istema de atenci\u00f3n, nuestros sistema de <strong>PEDIDO VIRTUAL<\/strong> y ventas telef\u00f3nicas asistida por parte de nuestros Ejecutivos de ventas te ayudar\u00e1n y orientar\u00e1n en la b\u00fasqueda de productos y oportunidades de negocio para tu comercio.<\/span><\/p>\n\t\t\n<style>\n#text-30592337 {\n  text-align: left;\n}\n<\/style>\n\t<\/div>\n\t\n\n\t\t<\/div>\n\t\t\t\t\n<style>\n#col-1916519052 > .col-inner {\n  padding: 0px 0px 0px 0;\n}\n@media (min-width:550px) {\n  #col-1916519052 > .col-inner {\n    padding: 0px 0px 0px 30px;\n  }\n}\n<\/style>\n\t<\/div>\n\n\t\n\n<\/div>\n\t<div id=\"gap-700312291\" class=\"gap-element clearfix\" style=\"display:block; height:auto;\">\n\t\t\n<style>\n#gap-700312291 {\n  padding-top: 40px;\n}\n@media (min-width:550px) {\n  #gap-700312291 {\n    padding-top: 80px;\n  }\n}\n<\/style>\n\t<\/div>\n\t\n\n<div class=\"row row-solid\" style=\"max-width:1300px\" id=\"row-74796996\">\n\n\n\t<div id=\"col-1344513340\" class=\"col medium-6 small-12 large-3\"  >\n\t\t\t\t<div class=\"col-inner\"  >\n\t\t\t\n\t\t\t\n\n\t<div id=\"text-316381942\" class=\"text\">\n\t\t\n\n<h2><span class=\"count-up\">3<\/span><\/h2>\n\t\t\n<style>\n#text-316381942 {\n  font-size: 2.3rem;\n  text-align: center;\n}\n<\/style>\n\t<\/div>\n\t\n\t<div id=\"text-164433827\" class=\"text\">\n\t\t\n\n<p>Sucursales<\/p>\n\t\t\n<style>\n#text-164433827 {\n  text-align: center;\n}\n<\/style>\n\t<\/div>\n\t\n\n\t\t<\/div>\n\t\t\t\t\t<\/div>\n\n\t\n\n\t<div id=\"col-1168429677\" class=\"col medium-6 small-12 large-3\"  >\n\t\t\t\t<div class=\"col-inner\"  >\n\t\t\t\n\t\t\t\n\n\t<div id=\"text-366263386\" class=\"text\">\n\t\t\n\n<h2><span class=\"count-up\">12000<\/span><\/h2>\n\t\t\n<style>\n#text-366263386 {\n  font-size: 2.3rem;\n  text-align: center;\n}\n<\/style>\n\t<\/div>\n\t\n\t<div id=\"text-734808941\" class=\"text\">\n\t\t\n\n<p>Art\u00edculos en stock<\/p>\n\t\t\n<style>\n#text-734808941 {\n  text-align: center;\n}\n<\/style>\n\t<\/div>\n\t\n\n\t\t<\/div>\n\t\t\t\t\t<\/div>\n\n\t\n\n\t<div id=\"col-1242481206\" class=\"col medium-6 small-12 large-3\"  >\n\t\t\t\t<div class=\"col-inner\"  >\n\t\t\t\n\t\t\t\n\n\t<div id=\"text-108529366\" class=\"text\">\n\t\t\n\n<h2><span class=\"count-up\">30<\/span><\/h2>\n\t\t\n<style>\n#text-108529366 {\n  font-size: 2.3rem;\n  text-align: center;\n}\n<\/style>\n\t<\/div>\n\t\n\t<div id=\"text-3178099788\" class=\"text\">\n\t\t\n\n<p>A\u00f1os en el mercado<\/p>\n\t\t\n<style>\n#text-3178099788 {\n  text-align: center;\n}\n<\/style>\n\t<\/div>\n\t\n\n\t\t<\/div>\n\t\t\t\t\t<\/div>\n\n\t\n\n\t<div id=\"col-1464218125\" class=\"col medium-6 small-12 large-3\"  >\n\t\t\t\t<div class=\"col-inner\"  >\n\t\t\t\n\t\t\t\n\n\t<div id=\"text-1213625758\" class=\"text\">\n\t\t\n\n<h2><span class=\"count-up\">20000<\/span><\/h2>\n\t\t\n<style>\n#text-1213625758 {\n  font-size: 2.25rem;\n  text-align: center;\n}\n<\/style>\n\t<\/div>\n\t\n\t<div id=\"text-1451444722\" class=\"text\">\n\t\t\n\n<p>Clientes satisfechos<\/p>\n\t\t\n<style>\n#text-1451444722 {\n  text-align: center;\n}\n<\/style>\n\t<\/div>\n\t\n\n\t\t<\/div>\n\t\t\t\t\t<\/div>\n\n\t\n\n<\/div>\n\n\t\t<\/div>\n\n\t\t\n<style>\n#section_956242542 {\n  padding-top: 14px;\n  padding-bottom: 14px;\n}\n@media (min-width:550px) {\n  #section_956242542 {\n    padding-top: 37px;\n    padding-bottom: 37px;\n  }\n}\n<\/style>\n\t<\/section>\n\t\n\n\t<section class=\"section\" id=\"section_1963903067\">\n\t\t<div class=\"section-bg fill\" >\n\t\t\t\t\t\t\t\t\t\n\t\t\t\n\n\t\t<\/div>\n\n\t\t\n\n\t\t<div class=\"section-content relative\">\n\t\t\t\n\n<div class=\"row align-center\"  id=\"row-1542930337\">\n\n\n\t<div id=\"col-1266544343\" class=\"col medium-8 small-12 large-8\"  >\n\t\t\t\t<div class=\"col-inner\"  >\n\t\t\t\n\t\t\t\n\n\t<div id=\"gap-492860215\" class=\"gap-element clearfix\" style=\"display:block; height:auto;\">\n\t\t\n<style>\n#gap-492860215 {\n  padding-top: 55px;\n}\n@media (min-width:550px) {\n  #gap-492860215 {\n    padding-top: 26px;\n  }\n}\n<\/style>\n\t<\/div>\n\t\n\n\t<div id=\"text-3082978058\" class=\"text\">\n\t\t\n\n<h2>Nuestra Misi\u00f3n y Visi\u00f3n<\/h2>\n\t\t\n<style>\n#text-3082978058 {\n  font-size: 1.35rem;\n  line-height: 1.2;\n  text-align: center;\n}\n@media (min-width:550px) {\n  #text-3082978058 {\n    font-size: 1.75rem;\n  }\n}\n<\/style>\n\t<\/div>\n\t\n<div class=\"text-center\"><div class=\"is-divider divider clearfix\" style=\"margin-top:0.3em;margin-bottom:0.3em;max-width:100px;height:4px;background-color:rgb(111, 166, 212);\"><\/div><\/div>\n\n\t<div id=\"text-3729922890\" class=\"text\">\n\t\t\n\n<h2>Misi\u00f3n<\/h2>\n\t\t\n<style>\n#text-3729922890 {\n  text-align: center;\n}\n<\/style>\n\t<\/div>\n\t\n\t<div id=\"text-408455917\" class=\"text\">\n\t\t\n\n<p style=\"text-align:justify\">Otorgar el mejor servicio y asesoramiento con un gran surtido adecuandose a cada necesidad espec\u00edfica de nuestros clientes.<\/p>\n\t\t\n<style>\n#text-408455917 {\n  text-align: center;\n}\n<\/style>\n\t<\/div>\n\t\n\t<div id=\"text-590348123\" class=\"text\">\n\t\t\n\n<h2>Visi\u00f3n<\/h2>\n\t\t\n<style>\n#text-590348123 {\n  text-align: center;\n}\n<\/style>\n\t<\/div>\n\t\n\t<div id=\"text-3453115368\" class=\"text\">\n\t\t\n\n<p style=\"text-align:justify\">Ser la cadena Mayorista l\u00edder en perfumer\u00eda, cosm\u00e9tica y tratamientos capilares ofreciendo y garantizando una excelente y duradera relaci\u00f3n comercial a nuestros clientes y proveedores.<\/p>\n\t\t\n<style>\n#text-3453115368 {\n  text-align: center;\n}\n<\/style>\n\t<\/div>\n\t\n\n\t\t<\/div>\n\t\t\t\t\t<\/div>\n\n\t\n\n<\/div>\n\n\t\t<\/div>\n\n\t\t\n<style>\n#section_1963903067 {\n  padding-top: 0px;\n  padding-bottom: 0px;\n  background-color: rgb(216, 244, 255);\n}\n<\/style>\n\t<\/section>\n\t\n\n\n\t<section class=\"section\" id=\"section_25329430\">\n\t\t<div class=\"section-bg fill\" >\n\t\t\t<img loading=\"lazy\" decoding=\"async\" width=\"1000\" height=\"750\" src=\"https:\/\/marcassrl.com.ar\/web\/wp-content\/uploads\/2022\/06\/DSCN5374-e1655995521159.jpg\" class=\"bg\" alt=\"\" srcset=\"https:\/\/marcassrl.com.ar\/web\/wp-content\/uploads\/2022\/06\/DSCN5374-e1655995521159.jpg 1000w, https:\/\/marcassrl.com.ar\/web\/wp-content\/uploads\/2022\/06\/DSCN5374-e1655995521159-300x225.jpg 300w, https:\/\/marcassrl.com.ar\/web\/wp-content\/uploads\/2022\/06\/DSCN5374-e1655995521159-768x576.jpg 768w\" sizes=\"auto, (max-width: 1000px) 100vw, 1000px\" \/>\t\t\t\t\t\t<div class=\"section-bg-overlay absolute fill\"><\/div>\n\t\t\t\n\t<div class=\"is-border\"\n\t\tstyle=\"border-width:0px 0px 0px 0px;\">\n\t<\/div>\n\n\t\t<\/div>\n\n\t\t\n\n\t\t<div class=\"section-content relative\">\n\t\t\t\n\n<div class=\"row align-center\" style=\"max-width:1297px\" id=\"row-1473680473\">\n\n\n\t<div id=\"col-1372924674\" class=\"col medium-8 small-12 large-10\"  >\n\t\t\t\t<div class=\"col-inner text-center dark\"  >\n\t\t\t\n\t\t\t\n\n\t<div id=\"gap-1281242427\" class=\"gap-element clearfix\" style=\"display:block; height:auto;\">\n\t\t\n<style>\n#gap-1281242427 {\n  padding-top: 0px;\n}\n@media (min-width:550px) {\n  #gap-1281242427 {\n    padding-top: 82px;\n  }\n}\n<\/style>\n\t<\/div>\n\t\n\n\t<div id=\"text-3823399059\" class=\"text\">\n\t\t\n\n<h2><span style=\"color: #ffffff;\">Comunicate con un Asesor comercial<\/span><\/h2>\n\t\t\n<style>\n#text-3823399059 {\n  font-size: 1.2rem;\n  text-align: center;\n  color: rgb(255, 255, 255);\n}\n#text-3823399059 > * {\n  color: rgb(255, 255, 255);\n}\n@media (min-width:550px) {\n  #text-3823399059 {\n    font-size: 1.75rem;\n  }\n}\n<\/style>\n\t<\/div>\n\t\n<div class=\"text-center\"><div class=\"is-divider divider clearfix\" style=\"margin-top:-0.3em;margin-bottom:-0.3em;max-width:184px;background-color:rgb(147, 199, 229);\"><\/div><\/div>\n\n\t<div id=\"text-2449640196\" class=\"text\">\n\t\t\n\n<p><span style=\"color: #ffffff;\">Contactanos v\u00eda WhatsApp y comenz\u00e1 a trabajar con nosotros!<\/span><\/p>\n\t\t\n<style>\n#text-2449640196 {\n  font-size: 0.95rem;\n  text-align: center;\n  color: rgb(255, 255, 255);\n}\n#text-2449640196 > * {\n  color: rgb(255, 255, 255);\n}\n@media (min-width:550px) {\n  #text-2449640196 {\n    font-size: 1.45rem;\n  }\n}\n<\/style>\n\t<\/div>\n\t\n<a href=\"https:\/\/api.whatsapp.com\/send?phone=%2B5493512067133&#038;text=Hola%2C+c%C3%B3mo+podemos+ayudarte%3F\" class=\"button primary box-shadow-2\"  style=\"border-radius:98px;padding:5px 30px 5px 30px;\">\n\t\t<span>Enviar WhatsApp<\/span>\n\t<\/a>\n\n\n\t<div id=\"gap-1443463436\" class=\"gap-element clearfix\" style=\"display:block; height:auto;\">\n\t\t\n<style>\n#gap-1443463436 {\n  padding-top: 5px;\n}\n@media (min-width:550px) {\n  #gap-1443463436 {\n    padding-top: 30px;\n  }\n}\n<\/style>\n\t<\/div>\n\t\n\n\n\t\t<\/div>\n\t\t\t\t\n<style>\n#col-1372924674 > .col-inner {\n  padding: 23px 0px 0px 0px;\n  margin: 0px 0px -27px 0px;\n}\n@media (min-width:550px) {\n  #col-1372924674 > .col-inner {\n    padding: 0px 0px 0px 0px;\n    margin: -50px 0px -40px 0px;\n  }\n}\n<\/style>\n\t<\/div>\n\n\t\n\n<\/div>\n\n\t\t<\/div>\n\n\t\t\n<style>\n#section_25329430 {\n  padding-top: 0px;\n  padding-bottom: 0px;\n}\n#section_25329430 .section-bg-overlay {\n  background-color: rgba(230, 154, 0, 0.843);\n}\n#section_25329430 .section-bg img {\n  object-position: 69% 75%;\n}\n@media (min-width:550px) {\n  #section_25329430 {\n    padding-top: 0px;\n    padding-bottom: 0px;\n  }\n  #section_25329430 .section-bg-overlay {\n    background-color: rgba(255, 135, 0, 0.703);\n  }\n}\n<\/style>\n\t<\/section>\n\t\n\n","protected":false},"excerpt":{"rendered":"","protected":false},"author":2,"featured_media":0,"parent":0,"menu_order":0,"comment_status":"closed","ping_status":"closed","template":"","meta":{"footnotes":""},"class_list":["post-164","page","type-page","status-publish","hentry"],"yoast_head":"<!-- This site is optimized with the Yoast SEO plugin v27.5 - https:\/\/yoast.com\/product\/yoast-seo-wordpress\/ -->\n<title>Quienes somos | Marcas Mayorista<\/title>\n<meta name=\"description\" content=\"Distribuidor mayorista de Perfumer\u00eda - Limpieza y Capilares! Encontr\u00e1 las mejores ofertas y los mejores productos en un solo lugar.\" \/>\n<meta name=\"robots\" content=\"index, follow, max-snippet:-1, max-image-preview:large, max-video-preview:-1\" \/>\n<link rel=\"canonical\" href=\"https:\/\/marcassrl.com.ar\/web\/nosotros\/\" \/>\n<meta property=\"og:locale\" content=\"es_ES\" \/>\n<meta property=\"og:type\" content=\"article\" \/>\n<meta property=\"og:title\" content=\"Marcas Mayorista!\" \/>\n<meta property=\"og:description\" content=\"MARCAS SRL es un mayorista con 30 a\u00f1os l\u00edder en el mercado local de Perfumer\u00eda, Limpieza, Pa\u00f1ales y Productos para tratamientos capilares.\" \/>\n<meta property=\"og:url\" content=\"https:\/\/marcassrl.com.ar\/web\/nosotros\/\" \/>\n<meta property=\"og:site_name\" content=\"Marcas Mayorista\" \/>\n<meta property=\"article:publisher\" content=\"https:\/\/www.facebook.com\/marcasmayorista\" \/>\n<meta property=\"article:modified_time\" content=\"2024-10-08T20:48:27+00:00\" \/>\n<meta property=\"og:image\" content=\"https:\/\/marcassrl.com.ar\/web\/wp-content\/uploads\/2022\/06\/DSCN5362-1-scaled-e1656524450344.jpg\" \/>\n\t<meta property=\"og:image:width\" content=\"800\" \/>\n\t<meta property=\"og:image:height\" content=\"600\" \/>\n\t<meta property=\"og:image:type\" content=\"image\/jpeg\" \/>\n<meta name=\"twitter:card\" content=\"summary_large_image\" \/>\n<meta name=\"twitter:label1\" content=\"Tiempo de lectura\" \/>\n\t<meta name=\"twitter:data1\" content=\"3 minutos\" \/>\n<script type=\"application\/ld+json\" class=\"yoast-schema-graph\">{\"@context\":\"https:\\\/\\\/schema.org\",\"@graph\":[{\"@type\":\"WebPage\",\"@id\":\"https:\\\/\\\/marcassrl.com.ar\\\/web\\\/nosotros\\\/\",\"url\":\"https:\\\/\\\/marcassrl.com.ar\\\/web\\\/nosotros\\\/\",\"name\":\"Quienes somos | Marcas Mayorista\",\"isPartOf\":{\"@id\":\"https:\\\/\\\/marcassrl.com.ar\\\/web\\\/#website\"},\"datePublished\":\"2022-06-07T22:59:45+00:00\",\"dateModified\":\"2024-10-08T20:48:27+00:00\",\"description\":\"Distribuidor mayorista de Perfumer\u00eda - Limpieza y Capilares! Encontr\u00e1 las mejores ofertas y los mejores productos en un solo lugar.\",\"breadcrumb\":{\"@id\":\"https:\\\/\\\/marcassrl.com.ar\\\/web\\\/nosotros\\\/#breadcrumb\"},\"inLanguage\":\"es-AR\",\"potentialAction\":[{\"@type\":\"ReadAction\",\"target\":[\"https:\\\/\\\/marcassrl.com.ar\\\/web\\\/nosotros\\\/\"]}]},{\"@type\":\"BreadcrumbList\",\"@id\":\"https:\\\/\\\/marcassrl.com.ar\\\/web\\\/nosotros\\\/#breadcrumb\",\"itemListElement\":[{\"@type\":\"ListItem\",\"position\":1,\"name\":\"Home\",\"item\":\"https:\\\/\\\/marcassrl.com.ar\\\/web\\\/\"},{\"@type\":\"ListItem\",\"position\":2,\"name\":\"Quienes somos\"}]},{\"@type\":\"WebSite\",\"@id\":\"https:\\\/\\\/marcassrl.com.ar\\\/web\\\/#website\",\"url\":\"https:\\\/\\\/marcassrl.com.ar\\\/web\\\/\",\"name\":\"Marcas Mayorista\",\"description\":\"Mayorista de Cosm\u00e9tica - Capilares - Limpieza\",\"publisher\":{\"@id\":\"https:\\\/\\\/marcassrl.com.ar\\\/web\\\/#organization\"},\"potentialAction\":[{\"@type\":\"SearchAction\",\"target\":{\"@type\":\"EntryPoint\",\"urlTemplate\":\"https:\\\/\\\/marcassrl.com.ar\\\/web\\\/?s={search_term_string}\"},\"query-input\":{\"@type\":\"PropertyValueSpecification\",\"valueRequired\":true,\"valueName\":\"search_term_string\"}}],\"inLanguage\":\"es-AR\"},{\"@type\":\"Organization\",\"@id\":\"https:\\\/\\\/marcassrl.com.ar\\\/web\\\/#organization\",\"name\":\"Marcas Mayorista\",\"url\":\"https:\\\/\\\/marcassrl.com.ar\\\/web\\\/\",\"logo\":{\"@type\":\"ImageObject\",\"inLanguage\":\"es-AR\",\"@id\":\"https:\\\/\\\/marcassrl.com.ar\\\/web\\\/#\\\/schema\\\/logo\\\/image\\\/\",\"url\":\"https:\\\/\\\/marcassrl.com.ar\\\/web\\\/wp-content\\\/uploads\\\/2022\\\/08\\\/logo_marcas_mayorista-1.png\",\"contentUrl\":\"https:\\\/\\\/marcassrl.com.ar\\\/web\\\/wp-content\\\/uploads\\\/2022\\\/08\\\/logo_marcas_mayorista-1.png\",\"width\":824,\"height\":136,\"caption\":\"Marcas Mayorista\"},\"image\":{\"@id\":\"https:\\\/\\\/marcassrl.com.ar\\\/web\\\/#\\\/schema\\\/logo\\\/image\\\/\"},\"sameAs\":[\"https:\\\/\\\/www.facebook.com\\\/marcasmayorista\",\"https:\\\/\\\/www.instagram.com\\\/marcasmayorista\\\/\"]}]}<\/script>\n<!-- \/ Yoast SEO plugin. -->","yoast_head_json":{"title":"Quienes somos | Marcas Mayorista","description":"Distribuidor mayorista de Perfumer\u00eda - Limpieza y Capilares! Encontr\u00e1 las mejores ofertas y los mejores productos en un solo lugar.","robots":{"index":"index","follow":"follow","max-snippet":"max-snippet:-1","max-image-preview":"max-image-preview:large","max-video-preview":"max-video-preview:-1"},"canonical":"https:\/\/marcassrl.com.ar\/web\/nosotros\/","og_locale":"es_ES","og_type":"article","og_title":"Marcas Mayorista!","og_description":"MARCAS SRL es un mayorista con 30 a\u00f1os l\u00edder en el mercado local de Perfumer\u00eda, Limpieza, Pa\u00f1ales y Productos para tratamientos capilares.","og_url":"https:\/\/marcassrl.com.ar\/web\/nosotros\/","og_site_name":"Marcas Mayorista","article_publisher":"https:\/\/www.facebook.com\/marcasmayorista","article_modified_time":"2024-10-08T20:48:27+00:00","og_image":[{"width":800,"height":600,"url":"https:\/\/marcassrl.com.ar\/web\/wp-content\/uploads\/2022\/06\/DSCN5362-1-scaled-e1656524450344.jpg","type":"image\/jpeg"}],"twitter_card":"summary_large_image","twitter_misc":{"Tiempo de lectura":"3 minutos"},"schema":{"@context":"https:\/\/schema.org","@graph":[{"@type":"WebPage","@id":"https:\/\/marcassrl.com.ar\/web\/nosotros\/","url":"https:\/\/marcassrl.com.ar\/web\/nosotros\/","name":"Quienes somos | Marcas Mayorista","isPartOf":{"@id":"https:\/\/marcassrl.com.ar\/web\/#website"},"datePublished":"2022-06-07T22:59:45+00:00","dateModified":"2024-10-08T20:48:27+00:00","description":"Distribuidor mayorista de Perfumer\u00eda - Limpieza y Capilares! Encontr\u00e1 las mejores ofertas y los mejores productos en un solo lugar.","breadcrumb":{"@id":"https:\/\/marcassrl.com.ar\/web\/nosotros\/#breadcrumb"},"inLanguage":"es-AR","potentialAction":[{"@type":"ReadAction","target":["https:\/\/marcassrl.com.ar\/web\/nosotros\/"]}]},{"@type":"BreadcrumbList","@id":"https:\/\/marcassrl.com.ar\/web\/nosotros\/#breadcrumb","itemListElement":[{"@type":"ListItem","position":1,"name":"Home","item":"https:\/\/marcassrl.com.ar\/web\/"},{"@type":"ListItem","position":2,"name":"Quienes somos"}]},{"@type":"WebSite","@id":"https:\/\/marcassrl.com.ar\/web\/#website","url":"https:\/\/marcassrl.com.ar\/web\/","name":"Marcas Mayorista","description":"Mayorista de Cosm\u00e9tica - Capilares - Limpieza","publisher":{"@id":"https:\/\/marcassrl.com.ar\/web\/#organization"},"potentialAction":[{"@type":"SearchAction","target":{"@type":"EntryPoint","urlTemplate":"https:\/\/marcassrl.com.ar\/web\/?s={search_term_string}"},"query-input":{"@type":"PropertyValueSpecification","valueRequired":true,"valueName":"search_term_string"}}],"inLanguage":"es-AR"},{"@type":"Organization","@id":"https:\/\/marcassrl.com.ar\/web\/#organization","name":"Marcas Mayorista","url":"https:\/\/marcassrl.com.ar\/web\/","logo":{"@type":"ImageObject","inLanguage":"es-AR","@id":"https:\/\/marcassrl.com.ar\/web\/#\/schema\/logo\/image\/","url":"https:\/\/marcassrl.com.ar\/web\/wp-content\/uploads\/2022\/08\/logo_marcas_mayorista-1.png","contentUrl":"https:\/\/marcassrl.com.ar\/web\/wp-content\/uploads\/2022\/08\/logo_marcas_mayorista-1.png","width":824,"height":136,"caption":"Marcas Mayorista"},"image":{"@id":"https:\/\/marcassrl.com.ar\/web\/#\/schema\/logo\/image\/"},"sameAs":["https:\/\/www.facebook.com\/marcasmayorista","https:\/\/www.instagram.com\/marcasmayorista\/"]}]}},"_links":{"self":[{"href":"https:\/\/marcassrl.com.ar\/web\/wp-json\/wp\/v2\/pages\/164","targetHints":{"allow":["GET"]}}],"collection":[{"href":"https:\/\/marcassrl.com.ar\/web\/wp-json\/wp\/v2\/pages"}],"about":[{"href":"https:\/\/marcassrl.com.ar\/web\/wp-json\/wp\/v2\/types\/page"}],"author":[{"embeddable":true,"href":"https:\/\/marcassrl.com.ar\/web\/wp-json\/wp\/v2\/users\/2"}],"replies":[{"embeddable":true,"href":"https:\/\/marcassrl.com.ar\/web\/wp-json\/wp\/v2\/comments?post=164"}],"version-history":[{"count":45,"href":"https:\/\/marcassrl.com.ar\/web\/wp-json\/wp\/v2\/pages\/164\/revisions"}],"predecessor-version":[{"id":1895,"href":"https:\/\/marcassrl.com.ar\/web\/wp-json\/wp\/v2\/pages\/164\/revisions\/1895"}],"wp:attachment":[{"href":"https:\/\/marcassrl.com.ar\/web\/wp-json\/wp\/v2\/media?parent=164"}],"curies":[{"name":"wp","href":"https:\/\/api.w.org\/{rel}","templated":true}]}}